{"id":151,"date":"2023-03-15T16:42:29","date_gmt":"2023-03-15T15:42:29","guid":{"rendered":"https:\/\/mudrstankovska.sk\/?page_id=151"},"modified":"2023-03-15T16:47:05","modified_gmt":"2023-03-15T15:47:05","slug":"posudzovanie-zdravotnej-sposobilosti-na-pracu","status":"publish","type":"page","link":"https:\/\/mudrstankovska.sk\/?page_id=151","title":{"rendered":"Posudzovanie zdravotnej sp\u00f4sobilosti na pr\u00e1cu"},"content":{"rendered":"\t\t<div data-elementor-type=\"wp-page\" data-elementor-id=\"151\" class=\"elementor elementor-151\">\n\t\t\t\t\t\t<section class=\"elementor-section elementor-top-section elementor-element elementor-element-539dc6b7 elementor-section-stretched elementor-section-height-min-height elementor-section-items-stretch elementor-section-content-middle elementor-section-boxed elementor-section-height-default\" data-id=\"539dc6b7\" data-element_type=\"section\" data-settings=\"{&quot;stretch_section&quot;:&quot;section-stretched&quot;,&quot;background_background&quot;:&quot;classic&quot;,&quot;shape_divider_top&quot;:&quot;waves&quot;}\">\n\t\t\t\t\t\t\t<div class=\"elementor-background-overlay\"><\/div>\n\t\t\t\t\t\t<div class=\"elementor-shape elementor-shape-top\" data-negative=\"false\">\n\t\t\t<svg xmlns=\"http:\/\/www.w3.org\/2000\/svg\" viewBox=\"0 0 1000 100\" preserveAspectRatio=\"none\">\n\t<path class=\"elementor-shape-fill\" d=\"M421.9,6.5c22.6-2.5,51.5,0.4,75.5,5.3c23.6,4.9,70.9,23.5,100.5,35.7c75.8,32.2,133.7,44.5,192.6,49.7\n\tc23.6,2.1,48.7,3.5,103.4-2.5c54.7-6,106.2-25.6,106.2-25.6V0H0v30.3c0,0,72,32.6,158.4,30.5c39.2-0.7,92.8-6.7,134-22.4\n\tc21.2-8.1,52.2-18.2,79.7-24.2C399.3,7.9,411.6,7.5,421.9,6.5z\"\/>\n<\/svg>\t\t<\/div>\n\t\t\t\t\t<div class=\"elementor-container elementor-column-gap-default\">\n\t\t\t\t\t<div class=\"elementor-column elementor-col-100 elementor-top-column elementor-element elementor-element-61a7ad86\" data-id=\"61a7ad86\" data-element_type=\"column\" data-settings=\"{&quot;background_background&quot;:&quot;classic&quot;}\">\n\t\t\t<div class=\"elementor-widget-wrap elementor-element-populated\">\n\t\t\t\t\t<div class=\"elementor-background-overlay\"><\/div>\n\t\t\t\t\t\t<section class=\"elementor-section elementor-inner-section elementor-element elementor-element-9610a0c elementor-section-full_width elementor-section-height-default elementor-section-height-default\" data-id=\"9610a0c\" data-element_type=\"section\">\n\t\t\t\t\t\t<div class=\"elementor-container elementor-column-gap-default\">\n\t\t\t\t\t<div class=\"elementor-column elementor-col-50 elementor-inner-column elementor-element elementor-element-2c91bf0b\" data-id=\"2c91bf0b\" data-element_type=\"column\">\n\t\t\t<div class=\"elementor-widget-wrap elementor-element-populated\">\n\t\t\t\t\t\t<div class=\"elementor-element elementor-element-7e4cc033 animated-fast elementor-invisible elementor-widget elementor-widget-text-editor\" data-id=\"7e4cc033\" data-element_type=\"widget\" data-settings=\"{&quot;_animation&quot;:&quot;fadeIn&quot;,&quot;_animation_delay&quot;:500}\" data-widget_type=\"text-editor.default\">\n\t\t\t\t<div class=\"elementor-widget-container\">\n\t\t\t\t\t\t\t\t\t<p><strong>Vykon\u00e1vame lek\u00e1rske prevent\u00edvne prehliadky vo vz\u0165ahu k pr\u00e1ci u os\u00f4b, ktor\u00fdch pr\u00e1ca je zaraden\u00e1 do 1. alebo 2. kateg\u00f3rie.<\/strong><\/p><p>Ide napr\u00edklad o:<\/p><p>1) Pr\u00e1ce vo v\u00fd\u0161kach (nad 1,5 metra)<br \/>2) Pr\u00e1ca so zobrazovacou jednotkou ( PC, laptop, monitor, telev\u00edzor &#8230; )<br \/>3) No\u010dn\u00e1 pr\u00e1ca \u2013 resp. pr\u00e1ca na smeny<br \/>4) Pr\u00e1ca vodi\u010da z povolania \u2013 vedenie motorov\u00fdch vozidiel\u00a0\u00a0\u00a0<br \/>5) Pr\u00e1ca s bremenami\u00a0<\/p><p>Prevent\u00edvne prehliadky vo vz\u0165ahu k pr\u00e1ci odpor\u00fa\u010dame zamestn\u00e1vate\u013eom na zabezpe\u010denie z\u00e1konn\u00fdch povinnost\u00ed pri ochrane a starostlivosti o zdravie pri pr\u00e1ci. Rovnako aj fyzick\u00e1 osoba &#8211; podnikate\u013e, ktor\u00e1 nezamestn\u00e1va in\u00e9 fyzick\u00e9 osoby (SZ\u010cO),\u00a0 sa mus\u00ed podrobi\u0165 lek\u00e1rskej prevent\u00edvnej prehliadke vo vz\u0165ahu k pr\u00e1ci.<\/p><p>Podrobnosti s\u00fa uveden\u00e9 na str\u00e1nke \u00daradu verejn\u00e9ho zdravotn\u00edctva SR\u00a0<a href=\"http:\/\/www.uvzsr.sk\/\" target=\"_blank\" rel=\"noopener\">www.uvzsr.sk<\/a>, \u010das\u0165:<br \/>&#8211; Prevent\u00edvne pracovn\u00e9 lek\u00e1rstvo<br \/>&#8211; Pracovn\u00e1 zdravotn\u00e1 slu\u017eba<br \/>&#8211; Zoznam lek\u00e1rov a verejn\u00fdch zdravotn\u00edkov s ur\u010denou \u0161pecializ\u00e1ciou<\/p><p><strong>Odpor\u00fa\u010dan\u00e1 literat\u00fara a z\u00e1konn\u00e9 normy:<\/strong><br \/>1) Z\u00e1kon \u010d. 204\/2014 Z.z., z\u00e1kon \u010d. 355\/2007 Z.z., z\u00e1kon \u010d. 124\/2006 Z. z., z\u00e1kon \u010d. 132\/2010 Z.z.<br \/>2) Vestn\u00edk MZ SR z 29.1.2014 ro\u010dn\u00edk 62 s platnos\u0165ou od 1.2.2014 &#8211; linka \u00a0 \u00a0 \u00a0 \u00a0 \u00a0 \u00a0 \u00a0 \u00a0 \u00a0 \u00a0<br \/>3) Webov\u00e1 str\u00e1nka \u00daradu verejn\u00e9ho zdravotn\u00edctva\u00a0<a href=\"http:\/\/www.uvzsr.sk\/\">www.uvzsr.sk<\/a><\/p>\t\t\t\t\t\t\t\t<\/div>\n\t\t\t\t<\/div>\n\t\t\t\t\t<\/div>\n\t\t<\/div>\n\t\t\t\t<div class=\"elementor-column elementor-col-50 elementor-inner-column elementor-element elementor-element-26a00fad\" data-id=\"26a00fad\" data-element_type=\"column\" data-settings=\"{&quot;background_background&quot;:&quot;classic&quot;}\">\n\t\t\t<div class=\"elementor-widget-wrap elementor-element-populated\">\n\t\t\t\t\t\t<div class=\"elementor-element elementor-element-5f1b1b10 elementor-widget elementor-widget-image\" data-id=\"5f1b1b10\" data-element_type=\"widget\" data-widget_type=\"image.default\">\n\t\t\t\t<div class=\"elementor-widget-container\">\n\t\t\t\t\t\t\t\t\t\t\t\t\t\t\t<img fetchpriority=\"high\" decoding=\"async\" width=\"640\" height=\"469\" src=\"https:\/\/mudrstankovska.sk\/wp-content\/uploads\/2023\/03\/undraw_setup_wizard_trans-1024x750.png\" class=\"attachment-large size-large wp-image-86\" alt=\"\" srcset=\"https:\/\/mudrstankovska.sk\/wp-content\/uploads\/2023\/03\/undraw_setup_wizard_trans-1024x750.png 1024w, https:\/\/mudrstankovska.sk\/wp-content\/uploads\/2023\/03\/undraw_setup_wizard_trans-300x220.png 300w, https:\/\/mudrstankovska.sk\/wp-content\/uploads\/2023\/03\/undraw_setup_wizard_trans-768x563.png 768w, https:\/\/mudrstankovska.sk\/wp-content\/uploads\/2023\/03\/undraw_setup_wizard_trans.png 1302w\" sizes=\"(max-width: 640px) 100vw, 640px\" \/>\t\t\t\t\t\t\t\t\t\t\t\t\t\t\t<\/div>\n\t\t\t\t<\/div>\n\t\t\t\t\t<\/div>\n\t\t<\/div>\n\t\t\t\t\t<\/div>\n\t\t<\/section>\n\t\t\t\t\t<\/div>\n\t\t<\/div>\n\t\t\t\t\t<\/div>\n\t\t<\/section>\n\t\t\t\t<section class=\"elementor-section elementor-top-section elementor-element elementor-element-2e528e62 elementor-section-stretched elementor-section-full_width elementor-section-height-min-height elementor-section-items-stretch elementor-section-content-middle elementor-reverse-mobile elementor-section-height-default\" data-id=\"2e528e62\" data-element_type=\"section\" data-settings=\"{&quot;stretch_section&quot;:&quot;section-stretched&quot;,&quot;background_background&quot;:&quot;classic&quot;}\">\n\t\t\t\t\t\t<div class=\"elementor-container elementor-column-gap-default\">\n\t\t\t\t\t<div class=\"elementor-column elementor-col-50 elementor-top-column elementor-element elementor-element-11fdc7c3\" data-id=\"11fdc7c3\" data-element_type=\"column\" data-settings=\"{&quot;background_background&quot;:&quot;gradient&quot;}\">\n\t\t\t<div class=\"elementor-widget-wrap elementor-element-populated\">\n\t\t\t\t\t<div class=\"elementor-background-overlay\"><\/div>\n\t\t\t\t\t\t<section class=\"elementor-section elementor-inner-section elementor-element elementor-element-4bae4b8d elementor-section-boxed elementor-section-height-default elementor-section-height-default\" data-id=\"4bae4b8d\" data-element_type=\"section\">\n\t\t\t\t\t\t\t<div class=\"elementor-background-overlay\"><\/div>\n\t\t\t\t\t\t\t<div class=\"elementor-container elementor-column-gap-default\">\n\t\t\t\t\t<div class=\"elementor-column elementor-col-100 elementor-inner-column elementor-element elementor-element-591a98f2\" data-id=\"591a98f2\" data-element_type=\"column\" data-settings=\"{&quot;background_background&quot;:&quot;classic&quot;}\">\n\t\t\t<div class=\"elementor-widget-wrap elementor-element-populated\">\n\t\t\t\t\t\t<div class=\"elementor-element elementor-element-74b88288 elementor-widget elementor-widget-spacer\" data-id=\"74b88288\" data-element_type=\"widget\" data-widget_type=\"spacer.default\">\n\t\t\t\t<div class=\"elementor-widget-container\">\n\t\t\t\t\t\t\t<div class=\"elementor-spacer\">\n\t\t\t<div class=\"elementor-spacer-inner\"><\/div>\n\t\t<\/div>\n\t\t\t\t\t\t<\/div>\n\t\t\t\t<\/div>\n\t\t\t\t<div class=\"elementor-element elementor-element-71dc456e elementor-pagination-position-inside elementor-arrows-position-inside elementor-widget elementor-widget-image-carousel\" data-id=\"71dc456e\" data-element_type=\"widget\" data-settings=\"{&quot;slides_to_show&quot;:&quot;1&quot;,&quot;navigation&quot;:&quot;both&quot;,&quot;autoplay&quot;:&quot;yes&quot;,&quot;pause_on_hover&quot;:&quot;yes&quot;,&quot;pause_on_interaction&quot;:&quot;yes&quot;,&quot;autoplay_speed&quot;:5000,&quot;infinite&quot;:&quot;yes&quot;,&quot;effect&quot;:&quot;slide&quot;,&quot;speed&quot;:500}\" data-widget_type=\"image-carousel.default\">\n\t\t\t\t<div class=\"elementor-widget-container\">\n\t\t\t\t\t\t\t<div class=\"elementor-image-carousel-wrapper swiper\" role=\"region\" aria-roledescription=\"carousel\" aria-label=\"Obr\u00e1zkov\u00fd kot\u00fa\u010d\" dir=\"ltr\">\n\t\t\t<div class=\"elementor-image-carousel swiper-wrapper swiper-image-stretch\" aria-live=\"off\">\n\t\t\t\t\t\t\t\t<div class=\"swiper-slide\" role=\"group\" aria-roledescription=\"slide\" aria-label=\"1 of 3\"><figure class=\"swiper-slide-inner\"><img decoding=\"async\" class=\"swiper-slide-image\" src=\"https:\/\/mudrstankovska.sk\/wp-content\/uploads\/elementor\/thumbs\/undraw_modern_life_u1ev-q37vqzx9t12mk8f8sezul5a93djx4ib86zza84414w.png\" alt=\"undraw_modern_life_u1ev.png\" \/><\/figure><\/div><div class=\"swiper-slide\" role=\"group\" aria-roledescription=\"slide\" aria-label=\"2 of 3\"><figure class=\"swiper-slide-inner\"><img decoding=\"async\" class=\"swiper-slide-image\" src=\"https:\/\/mudrstankovska.sk\/wp-content\/uploads\/elementor\/thumbs\/undraw_doctors_hwty-q37vr3omkd7ruo9s6gmcv4c3gx1dzaq5jil857ygg0.png\" alt=\"undraw_doctors_hwty.png\" \/><\/figure><\/div><div class=\"swiper-slide\" role=\"group\" aria-roledescription=\"slide\" aria-label=\"3 of 3\"><figure class=\"swiper-slide-inner\"><img decoding=\"async\" class=\"swiper-slide-image\" src=\"https:\/\/mudrstankovska.sk\/wp-content\/uploads\/elementor\/thumbs\/undraw_setup_wizard_trans-q37vqqivwoprc4swbaxkw7nn5iu8zj9wtpgffchyv4.png\" alt=\"undraw_setup_wizard_trans.png\" \/><\/figure><\/div>\t\t\t<\/div>\n\t\t\t\t\t\t\t\t\t\t\t\t<div class=\"elementor-swiper-button elementor-swiper-button-prev\" role=\"button\" tabindex=\"0\">\n\t\t\t\t\t\t<i aria-hidden=\"true\" class=\"eicon-chevron-left\"><\/i>\t\t\t\t\t<\/div>\n\t\t\t\t\t<div class=\"elementor-swiper-button elementor-swiper-button-next\" role=\"button\" tabindex=\"0\">\n\t\t\t\t\t\t<i aria-hidden=\"true\" class=\"eicon-chevron-right\"><\/i>\t\t\t\t\t<\/div>\n\t\t\t\t\n\t\t\t\t\t\t\t\t\t<div class=\"swiper-pagination\"><\/div>\n\t\t\t\t\t\t\t\t\t<\/div>\n\t\t\t\t\t\t<\/div>\n\t\t\t\t<\/div>\n\t\t\t\t<div class=\"elementor-element elementor-element-18c4a7a5 elementor-widget elementor-widget-spacer\" data-id=\"18c4a7a5\" data-element_type=\"widget\" data-widget_type=\"spacer.default\">\n\t\t\t\t<div class=\"elementor-widget-container\">\n\t\t\t\t\t\t\t<div class=\"elementor-spacer\">\n\t\t\t<div class=\"elementor-spacer-inner\"><\/div>\n\t\t<\/div>\n\t\t\t\t\t\t<\/div>\n\t\t\t\t<\/div>\n\t\t\t\t\t<\/div>\n\t\t<\/div>\n\t\t\t\t\t<\/div>\n\t\t<\/section>\n\t\t\t\t\t<\/div>\n\t\t<\/div>\n\t\t\t\t<div class=\"elementor-column elementor-col-50 elementor-top-column elementor-element elementor-element-494d4aa1\" data-id=\"494d4aa1\" data-element_type=\"column\">\n\t\t\t<div class=\"elementor-widget-wrap elementor-element-populated\">\n\t\t\t\t\t\t<section class=\"elementor-section elementor-inner-section elementor-element elementor-element-37fd66f5 elementor-section-boxed elementor-section-height-default elementor-section-height-default\" data-id=\"37fd66f5\" data-element_type=\"section\">\n\t\t\t\t\t\t<div class=\"elementor-container elementor-column-gap-default\">\n\t\t\t\t\t<div class=\"elementor-column elementor-col-100 elementor-inner-column elementor-element elementor-element-69e9deb\" data-id=\"69e9deb\" data-element_type=\"column\">\n\t\t\t<div class=\"elementor-widget-wrap elementor-element-populated\">\n\t\t\t\t\t\t<div class=\"elementor-element elementor-element-33ea56f1 animated-fast elementor-invisible elementor-widget elementor-widget-heading\" data-id=\"33ea56f1\" data-element_type=\"widget\" data-settings=\"{&quot;_animation&quot;:&quot;fadeInUp&quot;,&quot;_animation_delay&quot;:300}\" data-widget_type=\"heading.default\">\n\t\t\t\t<div class=\"elementor-widget-container\">\n\t\t\t\t\t<h3 class=\"elementor-heading-title elementor-size-default\">Objednajte sa:<\/h3>\t\t\t\t<\/div>\n\t\t\t\t<\/div>\n\t\t\t\t<div class=\"elementor-element elementor-element-12a9c69d elementor-align-left elementor-icon-list--layout-traditional elementor-list-item-link-full_width elementor-invisible elementor-widget elementor-widget-icon-list\" data-id=\"12a9c69d\" data-element_type=\"widget\" data-settings=\"{&quot;_animation&quot;:&quot;fadeInDown&quot;}\" data-widget_type=\"icon-list.default\">\n\t\t\t\t<div class=\"elementor-widget-container\">\n\t\t\t\t\t\t\t<ul class=\"elementor-icon-list-items\">\n\t\t\t\t\t\t\t<li class=\"elementor-icon-list-item\">\n\t\t\t\t\t\t\t\t\t\t\t<span class=\"elementor-icon-list-icon\">\n\t\t\t\t\t\t\t<i aria-hidden=\"true\" class=\"fas fa-check\"><\/i>\t\t\t\t\t\t<\/span>\n\t\t\t\t\t\t\t\t\t\t<span class=\"elementor-icon-list-text\">e\u010casenka<\/span>\n\t\t\t\t\t\t\t\t\t<\/li>\n\t\t\t\t\t\t\t\t<li class=\"elementor-icon-list-item\">\n\t\t\t\t\t\t\t\t\t\t\t<span class=\"elementor-icon-list-icon\">\n\t\t\t\t\t\t\t<i aria-hidden=\"true\" class=\"fas fa-check\"><\/i>\t\t\t\t\t\t<\/span>\n\t\t\t\t\t\t\t\t\t\t<span class=\"elementor-icon-list-text\">emailom<\/span>\n\t\t\t\t\t\t\t\t\t<\/li>\n\t\t\t\t\t\t\t\t<li class=\"elementor-icon-list-item\">\n\t\t\t\t\t\t\t\t\t\t\t<span class=\"elementor-icon-list-icon\">\n\t\t\t\t\t\t\t<i aria-hidden=\"true\" class=\"fas fa-check\"><\/i>\t\t\t\t\t\t<\/span>\n\t\t\t\t\t\t\t\t\t\t<span class=\"elementor-icon-list-text\">telefonicky<\/span>\n\t\t\t\t\t\t\t\t\t<\/li>\n\t\t\t\t\t\t<\/ul>\n\t\t\t\t\t\t<\/div>\n\t\t\t\t<\/div>\n\t\t\t\t\t<\/div>\n\t\t<\/div>\n\t\t\t\t\t<\/div>\n\t\t<\/section>\n\t\t\t\t\t<\/div>\n\t\t<\/div>\n\t\t\t\t\t<\/div>\n\t\t<\/section>\n\t\t\t\t<\/div>\n\t\t","protected":false},"excerpt":{"rendered":"<p>Vykon\u00e1vame lek\u00e1rske prevent\u00edvne prehliadky vo vz\u0165ahu k pr\u00e1ci u os\u00f4b, ktor\u00fdch pr\u00e1ca je zaraden\u00e1 do 1. alebo 2. kateg\u00f3rie. Ide napr\u00edklad o: 1) Pr\u00e1ce vo v\u00fd\u0161kach (nad 1,5 metra)2) Pr\u00e1ca so zobrazovacou jednotkou ( PC, laptop, monitor, telev\u00edzor &#8230; )3) No\u010dn\u00e1 pr\u00e1ca \u2013 resp. pr\u00e1ca na smeny4) Pr\u00e1ca vodi\u010da z povolania \u2013 vedenie motorov\u00fdch vozidiel\u00a0\u00a0\u00a05) [&hellip;]<\/p>\n","protected":false},"author":1,"featured_media":0,"parent":45,"menu_order":2,"comment_status":"closed","ping_status":"closed","template":"","meta":{"_mi_skip_tracking":false,"_monsterinsights_sitenote_active":false,"_monsterinsights_sitenote_note":"","_monsterinsights_sitenote_category":0,"footnotes":""},"yoast_head":"<!-- This site is optimized with the Yoast SEO plugin v22.6 - https:\/\/yoast.com\/wordpress\/plugins\/seo\/ -->\n<title>Posudzovanie zdravotnej sp\u00f4sobilosti na pr\u00e1cu - mudrstankovska.sk<\/title>\n<meta name=\"robots\" content=\"index, follow, max-snippet:-1, max-image-preview:large, max-video-preview:-1\" \/>\n<link rel=\"canonical\" href=\"https:\/\/mudrstankovska.sk\/?page_id=151\" \/>\n<meta property=\"og:locale\" content=\"sk_SK\" \/>\n<meta property=\"og:type\" content=\"article\" \/>\n<meta property=\"og:title\" content=\"Posudzovanie zdravotnej sp\u00f4sobilosti na pr\u00e1cu - mudrstankovska.sk\" \/>\n<meta property=\"og:description\" content=\"Vykon\u00e1vame lek\u00e1rske prevent\u00edvne prehliadky vo vz\u0165ahu k pr\u00e1ci u os\u00f4b, ktor\u00fdch pr\u00e1ca je zaraden\u00e1 do 1. alebo 2. kateg\u00f3rie. Ide napr\u00edklad o: 1) Pr\u00e1ce vo v\u00fd\u0161kach (nad 1,5 metra)2) Pr\u00e1ca so zobrazovacou jednotkou ( PC, laptop, monitor, telev\u00edzor &#8230; )3) No\u010dn\u00e1 pr\u00e1ca \u2013 resp. pr\u00e1ca na smeny4) Pr\u00e1ca vodi\u010da z povolania \u2013 vedenie motorov\u00fdch vozidiel\u00a0\u00a0\u00a05) [&hellip;]\" \/>\n<meta property=\"og:url\" content=\"https:\/\/mudrstankovska.sk\/?page_id=151\" \/>\n<meta property=\"og:site_name\" content=\"mudrstankovska.sk\" \/>\n<meta property=\"article:modified_time\" content=\"2023-03-15T15:47:05+00:00\" \/>\n<meta property=\"og:image\" content=\"https:\/\/mudrstankovska.sk\/wp-content\/uploads\/2023\/03\/undraw_setup_wizard_trans-1024x750.png\" \/>\n<meta name=\"twitter:card\" content=\"summary_large_image\" \/>\n<meta name=\"twitter:label1\" content=\"Predpokladan\u00fd \u010das \u010d\u00edtania\" \/>\n\t<meta name=\"twitter:data1\" content=\"3 min\u00faty\" \/>\n<script type=\"application\/ld+json\" class=\"yoast-schema-graph\">{\"@context\":\"https:\/\/schema.org\",\"@graph\":[{\"@type\":\"WebPage\",\"@id\":\"https:\/\/mudrstankovska.sk\/?page_id=151\",\"url\":\"https:\/\/mudrstankovska.sk\/?page_id=151\",\"name\":\"Posudzovanie zdravotnej sp\u00f4sobilosti na pr\u00e1cu - mudrstankovska.sk\",\"isPartOf\":{\"@id\":\"https:\/\/mudrstankovska.sk\/#website\"},\"primaryImageOfPage\":{\"@id\":\"https:\/\/mudrstankovska.sk\/?page_id=151#primaryimage\"},\"image\":{\"@id\":\"https:\/\/mudrstankovska.sk\/?page_id=151#primaryimage\"},\"thumbnailUrl\":\"https:\/\/mudrstankovska.sk\/wp-content\/uploads\/2023\/03\/undraw_setup_wizard_trans-1024x750.png\",\"datePublished\":\"2023-03-15T15:42:29+00:00\",\"dateModified\":\"2023-03-15T15:47:05+00:00\",\"breadcrumb\":{\"@id\":\"https:\/\/mudrstankovska.sk\/?page_id=151#breadcrumb\"},\"inLanguage\":\"sk-SK\",\"potentialAction\":[{\"@type\":\"ReadAction\",\"target\":[\"https:\/\/mudrstankovska.sk\/?page_id=151\"]}]},{\"@type\":\"ImageObject\",\"inLanguage\":\"sk-SK\",\"@id\":\"https:\/\/mudrstankovska.sk\/?page_id=151#primaryimage\",\"url\":\"https:\/\/mudrstankovska.sk\/wp-content\/uploads\/2023\/03\/undraw_setup_wizard_trans.png\",\"contentUrl\":\"https:\/\/mudrstankovska.sk\/wp-content\/uploads\/2023\/03\/undraw_setup_wizard_trans.png\",\"width\":1302,\"height\":954},{\"@type\":\"BreadcrumbList\",\"@id\":\"https:\/\/mudrstankovska.sk\/?page_id=151#breadcrumb\",\"itemListElement\":[{\"@type\":\"ListItem\",\"position\":1,\"name\":\"Home\",\"item\":\"https:\/\/mudrstankovska.sk\/\"},{\"@type\":\"ListItem\",\"position\":2,\"name\":\"Zdravotn\u00e1 starostlivos\u0165\",\"item\":\"https:\/\/mudrstankovska.sk\/?page_id=45\"},{\"@type\":\"ListItem\",\"position\":3,\"name\":\"Posudzovanie zdravotnej sp\u00f4sobilosti na pr\u00e1cu\"}]},{\"@type\":\"WebSite\",\"@id\":\"https:\/\/mudrstankovska.sk\/#website\",\"url\":\"https:\/\/mudrstankovska.sk\/\",\"name\":\"mudrstankovska.sk\",\"description\":\"V\u0161eobecn\u00fd lek\u00e1r pre dospel\u00fdch.\",\"publisher\":{\"@id\":\"https:\/\/mudrstankovska.sk\/#organization\"},\"potentialAction\":[{\"@type\":\"SearchAction\",\"target\":{\"@type\":\"EntryPoint\",\"urlTemplate\":\"https:\/\/mudrstankovska.sk\/?s={search_term_string}\"},\"query-input\":\"required name=search_term_string\"}],\"inLanguage\":\"sk-SK\"},{\"@type\":\"Organization\",\"@id\":\"https:\/\/mudrstankovska.sk\/#organization\",\"name\":\"mudrstankovska.sk\",\"url\":\"https:\/\/mudrstankovska.sk\/\",\"logo\":{\"@type\":\"ImageObject\",\"inLanguage\":\"sk-SK\",\"@id\":\"https:\/\/mudrstankovska.sk\/#\/schema\/logo\/image\/\",\"url\":\"https:\/\/mudrstankovska.sk\/wp-content\/uploads\/2023\/03\/960x0.jpg\",\"contentUrl\":\"https:\/\/mudrstankovska.sk\/wp-content\/uploads\/2023\/03\/960x0.jpg\",\"width\":958,\"height\":539,\"caption\":\"mudrstankovska.sk\"},\"image\":{\"@id\":\"https:\/\/mudrstankovska.sk\/#\/schema\/logo\/image\/\"}}]}<\/script>\n<!-- \/ Yoast SEO plugin. -->","yoast_head_json":{"title":"Posudzovanie zdravotnej sp\u00f4sobilosti na pr\u00e1cu - mudrstankovska.sk","robots":{"index":"index","follow":"follow","max-snippet":"max-snippet:-1","max-image-preview":"max-image-preview:large","max-video-preview":"max-video-preview:-1"},"canonical":"https:\/\/mudrstankovska.sk\/?page_id=151","og_locale":"sk_SK","og_type":"article","og_title":"Posudzovanie zdravotnej sp\u00f4sobilosti na pr\u00e1cu - mudrstankovska.sk","og_description":"Vykon\u00e1vame lek\u00e1rske prevent\u00edvne prehliadky vo vz\u0165ahu k pr\u00e1ci u os\u00f4b, ktor\u00fdch pr\u00e1ca je zaraden\u00e1 do 1. alebo 2. kateg\u00f3rie. Ide napr\u00edklad o: 1) Pr\u00e1ce vo v\u00fd\u0161kach (nad 1,5 metra)2) Pr\u00e1ca so zobrazovacou jednotkou ( PC, laptop, monitor, telev\u00edzor &#8230; )3) No\u010dn\u00e1 pr\u00e1ca \u2013 resp. pr\u00e1ca na smeny4) Pr\u00e1ca vodi\u010da z povolania \u2013 vedenie motorov\u00fdch vozidiel\u00a0\u00a0\u00a05) [&hellip;]","og_url":"https:\/\/mudrstankovska.sk\/?page_id=151","og_site_name":"mudrstankovska.sk","article_modified_time":"2023-03-15T15:47:05+00:00","og_image":[{"url":"https:\/\/mudrstankovska.sk\/wp-content\/uploads\/2023\/03\/undraw_setup_wizard_trans-1024x750.png"}],"twitter_card":"summary_large_image","twitter_misc":{"Predpokladan\u00fd \u010das \u010d\u00edtania":"3 min\u00faty"},"schema":{"@context":"https:\/\/schema.org","@graph":[{"@type":"WebPage","@id":"https:\/\/mudrstankovska.sk\/?page_id=151","url":"https:\/\/mudrstankovska.sk\/?page_id=151","name":"Posudzovanie zdravotnej sp\u00f4sobilosti na pr\u00e1cu - mudrstankovska.sk","isPartOf":{"@id":"https:\/\/mudrstankovska.sk\/#website"},"primaryImageOfPage":{"@id":"https:\/\/mudrstankovska.sk\/?page_id=151#primaryimage"},"image":{"@id":"https:\/\/mudrstankovska.sk\/?page_id=151#primaryimage"},"thumbnailUrl":"https:\/\/mudrstankovska.sk\/wp-content\/uploads\/2023\/03\/undraw_setup_wizard_trans-1024x750.png","datePublished":"2023-03-15T15:42:29+00:00","dateModified":"2023-03-15T15:47:05+00:00","breadcrumb":{"@id":"https:\/\/mudrstankovska.sk\/?page_id=151#breadcrumb"},"inLanguage":"sk-SK","potentialAction":[{"@type":"ReadAction","target":["https:\/\/mudrstankovska.sk\/?page_id=151"]}]},{"@type":"ImageObject","inLanguage":"sk-SK","@id":"https:\/\/mudrstankovska.sk\/?page_id=151#primaryimage","url":"https:\/\/mudrstankovska.sk\/wp-content\/uploads\/2023\/03\/undraw_setup_wizard_trans.png","contentUrl":"https:\/\/mudrstankovska.sk\/wp-content\/uploads\/2023\/03\/undraw_setup_wizard_trans.png","width":1302,"height":954},{"@type":"BreadcrumbList","@id":"https:\/\/mudrstankovska.sk\/?page_id=151#breadcrumb","itemListElement":[{"@type":"ListItem","position":1,"name":"Home","item":"https:\/\/mudrstankovska.sk\/"},{"@type":"ListItem","position":2,"name":"Zdravotn\u00e1 starostlivos\u0165","item":"https:\/\/mudrstankovska.sk\/?page_id=45"},{"@type":"ListItem","position":3,"name":"Posudzovanie zdravotnej sp\u00f4sobilosti na pr\u00e1cu"}]},{"@type":"WebSite","@id":"https:\/\/mudrstankovska.sk\/#website","url":"https:\/\/mudrstankovska.sk\/","name":"mudrstankovska.sk","description":"V\u0161eobecn\u00fd lek\u00e1r pre dospel\u00fdch.","publisher":{"@id":"https:\/\/mudrstankovska.sk\/#organization"},"potentialAction":[{"@type":"SearchAction","target":{"@type":"EntryPoint","urlTemplate":"https:\/\/mudrstankovska.sk\/?s={search_term_string}"},"query-input":"required name=search_term_string"}],"inLanguage":"sk-SK"},{"@type":"Organization","@id":"https:\/\/mudrstankovska.sk\/#organization","name":"mudrstankovska.sk","url":"https:\/\/mudrstankovska.sk\/","logo":{"@type":"ImageObject","inLanguage":"sk-SK","@id":"https:\/\/mudrstankovska.sk\/#\/schema\/logo\/image\/","url":"https:\/\/mudrstankovska.sk\/wp-content\/uploads\/2023\/03\/960x0.jpg","contentUrl":"https:\/\/mudrstankovska.sk\/wp-content\/uploads\/2023\/03\/960x0.jpg","width":958,"height":539,"caption":"mudrstankovska.sk"},"image":{"@id":"https:\/\/mudrstankovska.sk\/#\/schema\/logo\/image\/"}}]}},"_links":{"self":[{"href":"https:\/\/mudrstankovska.sk\/index.php?rest_route=\/wp\/v2\/pages\/151"}],"collection":[{"href":"https:\/\/mudrstankovska.sk\/index.php?rest_route=\/wp\/v2\/pages"}],"about":[{"href":"https:\/\/mudrstankovska.sk\/index.php?rest_route=\/wp\/v2\/types\/page"}],"author":[{"embeddable":true,"href":"https:\/\/mudrstankovska.sk\/index.php?rest_route=\/wp\/v2\/users\/1"}],"replies":[{"embeddable":true,"href":"https:\/\/mudrstankovska.sk\/index.php?rest_route=%2Fwp%2Fv2%2Fcomments&post=151"}],"version-history":[{"count":4,"href":"https:\/\/mudrstankovska.sk\/index.php?rest_route=\/wp\/v2\/pages\/151\/revisions"}],"predecessor-version":[{"id":155,"href":"https:\/\/mudrstankovska.sk\/index.php?rest_route=\/wp\/v2\/pages\/151\/revisions\/155"}],"up":[{"embeddable":true,"href":"https:\/\/mudrstankovska.sk\/index.php?rest_route=\/wp\/v2\/pages\/45"}],"wp:attachment":[{"href":"https:\/\/mudrstankovska.sk\/index.php?rest_route=%2Fwp%2Fv2%2Fmedia&parent=151"}],"curies":[{"name":"wp","href":"https:\/\/api.w.org\/{rel}","templated":true}]}}