{"id":217,"date":"2023-03-15T17:28:24","date_gmt":"2023-03-15T16:28:24","guid":{"rendered":"https:\/\/mudrstankovska.sk\/?page_id=217"},"modified":"2023-03-15T17:31:15","modified_gmt":"2023-03-15T16:31:15","slug":"tlakovy-holter","status":"publish","type":"page","link":"https:\/\/mudrstankovska.sk\/?page_id=217","title":{"rendered":"Tlakov\u00fd holter"},"content":{"rendered":"\t\t<div data-elementor-type=\"wp-page\" data-elementor-id=\"217\" class=\"elementor elementor-217\">\n\t\t\t\t\t\t<section class=\"elementor-section elementor-top-section elementor-element elementor-element-22cec6e0 elementor-section-stretched elementor-section-height-min-height elementor-section-items-stretch elementor-section-content-middle elementor-section-boxed elementor-section-height-default\" data-id=\"22cec6e0\" data-element_type=\"section\" data-settings=\"{&quot;stretch_section&quot;:&quot;section-stretched&quot;,&quot;background_background&quot;:&quot;classic&quot;,&quot;shape_divider_top&quot;:&quot;waves&quot;}\">\n\t\t\t\t\t\t\t<div class=\"elementor-background-overlay\"><\/div>\n\t\t\t\t\t\t<div class=\"elementor-shape elementor-shape-top\" data-negative=\"false\">\n\t\t\t<svg xmlns=\"http:\/\/www.w3.org\/2000\/svg\" viewBox=\"0 0 1000 100\" preserveAspectRatio=\"none\">\n\t<path class=\"elementor-shape-fill\" d=\"M421.9,6.5c22.6-2.5,51.5,0.4,75.5,5.3c23.6,4.9,70.9,23.5,100.5,35.7c75.8,32.2,133.7,44.5,192.6,49.7\n\tc23.6,2.1,48.7,3.5,103.4-2.5c54.7-6,106.2-25.6,106.2-25.6V0H0v30.3c0,0,72,32.6,158.4,30.5c39.2-0.7,92.8-6.7,134-22.4\n\tc21.2-8.1,52.2-18.2,79.7-24.2C399.3,7.9,411.6,7.5,421.9,6.5z\"\/>\n<\/svg>\t\t<\/div>\n\t\t\t\t\t<div class=\"elementor-container elementor-column-gap-default\">\n\t\t\t\t\t<div class=\"elementor-column elementor-col-50 elementor-top-column elementor-element elementor-element-3e92b08e\" data-id=\"3e92b08e\" data-element_type=\"column\" data-settings=\"{&quot;background_background&quot;:&quot;classic&quot;}\">\n\t\t\t<div class=\"elementor-widget-wrap elementor-element-populated\">\n\t\t\t\t\t<div class=\"elementor-background-overlay\"><\/div>\n\t\t\t\t\t\t<div class=\"elementor-element elementor-element-4dab1ad0 elementor-view-default elementor-invisible elementor-widget elementor-widget-icon\" data-id=\"4dab1ad0\" data-element_type=\"widget\" data-settings=\"{&quot;_animation&quot;:&quot;fadeInUp&quot;}\" data-widget_type=\"icon.default\">\n\t\t\t\t<div class=\"elementor-widget-container\">\n\t\t\t\t\t\t\t<div class=\"elementor-icon-wrapper\">\n\t\t\t<div class=\"elementor-icon\">\n\t\t\t\t\t\t\t<i class=\"fa fa-plus\" aria-hidden=\"true\"><\/i>\n\t\t\t\t\t\t<\/div>\n\t\t<\/div>\n\t\t\t\t\t\t<\/div>\n\t\t\t\t<\/div>\n\t\t\t\t<div class=\"elementor-element elementor-element-4a28b65f animated-fast elementor-invisible elementor-widget elementor-widget-text-editor\" data-id=\"4a28b65f\" data-element_type=\"widget\" data-settings=\"{&quot;_animation&quot;:&quot;fadeIn&quot;,&quot;_animation_delay&quot;:500}\" data-widget_type=\"text-editor.default\">\n\t\t\t\t<div class=\"elementor-widget-container\">\n\t\t\t\t\t\t\t\t\t<h2><strong><a title=\"24-hodinov\u00e9 ambulantn\u00e9 monitorovanie krvn\u00e9ho tlaku (ABPM)\" href=\"https:\/\/www.vitacare.sk\/userfiles\/filemanager\/DOKUMENTY\/vitacare_tlakovy_holter.pdf\" target=\"_blank\" rel=\"noopener\">24-hodinov\u00e9 ambulantn\u00e9 monitorovanie krvn\u00e9ho tlaku (ABPM)<\/a><\/strong><\/h2><div>je v posledn\u00fdch rokoch opr\u00e1vnene pova\u017eovan\u00e9 za najobjekt\u00edvnej\u0161iu met\u00f3du merania krvn\u00e9ho tlaku v diagnostike a kontrole lie\u010dby art\u00e9riovej hypertenzie.<\/div><p>\u00a0<\/p><div>Vy\u0161etrenie ABPM umo\u017e\u0148uje mera\u0165 tlak krvi po\u010das norm\u00e1lneho pracovn\u00e9ho d\u0148a, v be\u017en\u00fdch \u017eivotn\u00fdch situ\u00e1ci\u00e1ch, pri odpo\u010dinku a v sp\u00e1nku. Rutinn\u00e9 meranie krvn\u00e9ho tlaku v \u00a0ambulancii lek\u00e1ra nie je dostato\u010dn\u00e9 pre diagnostiku art\u00e9riovej \u00a0hypertenzie, pos\u00fadenie adekv\u00e1tnej kontroly krvn\u00e9ho tlaku pred lie\u010dbou a pos\u00fadenie kardiovaskul\u00e1rneho rizika. Vy\u0161etrenie je jednoduch\u00e9, pohodln\u00e9 a hlavne neinvaz\u00edvne.<\/div>\t\t\t\t\t\t\t\t<\/div>\n\t\t\t\t<\/div>\n\t\t\t\t\t<\/div>\n\t\t<\/div>\n\t\t\t\t<div class=\"elementor-column elementor-col-50 elementor-top-column elementor-element elementor-element-f37d92f\" data-id=\"f37d92f\" data-element_type=\"column\">\n\t\t\t<div class=\"elementor-widget-wrap elementor-element-populated\">\n\t\t\t\t\t<div class=\"elementor-background-overlay\"><\/div>\n\t\t\t\t\t\t<div class=\"elementor-element elementor-element-7d84d4e1 elementor-hidden-phone elementor-view-default elementor-invisible elementor-widget elementor-widget-icon\" data-id=\"7d84d4e1\" data-element_type=\"widget\" data-settings=\"{&quot;_animation&quot;:&quot;fadeInUp&quot;}\" data-widget_type=\"icon.default\">\n\t\t\t\t<div class=\"elementor-widget-container\">\n\t\t\t\t\t\t\t<div class=\"elementor-icon-wrapper\">\n\t\t\t<div class=\"elementor-icon\">\n\t\t\t\t\t\t\t<i class=\"fa fa-plus\" aria-hidden=\"true\"><\/i>\n\t\t\t\t\t\t<\/div>\n\t\t<\/div>\n\t\t\t\t\t\t<\/div>\n\t\t\t\t<\/div>\n\t\t\t\t<div class=\"elementor-element elementor-element-165ea714 elementor-widget elementor-widget-image\" data-id=\"165ea714\" data-element_type=\"widget\" data-widget_type=\"image.default\">\n\t\t\t\t<div class=\"elementor-widget-container\">\n\t\t\t\t\t\t\t\t\t\t\t\t\t\t\t<img fetchpriority=\"high\" decoding=\"async\" width=\"640\" height=\"640\" src=\"https:\/\/mudrstankovska.sk\/wp-content\/uploads\/2023\/03\/undraw_modern_life_trans.png\" class=\"attachment-large size-large wp-image-177\" alt=\"\" srcset=\"https:\/\/mudrstankovska.sk\/wp-content\/uploads\/2023\/03\/undraw_modern_life_trans.png 744w, https:\/\/mudrstankovska.sk\/wp-content\/uploads\/2023\/03\/undraw_modern_life_trans-300x300.png 300w, https:\/\/mudrstankovska.sk\/wp-content\/uploads\/2023\/03\/undraw_modern_life_trans-150x150.png 150w\" sizes=\"(max-width: 640px) 100vw, 640px\" \/>\t\t\t\t\t\t\t\t\t\t\t\t\t\t\t<\/div>\n\t\t\t\t<\/div>\n\t\t\t\t\t<\/div>\n\t\t<\/div>\n\t\t\t\t\t<\/div>\n\t\t<\/section>\n\t\t\t\t<section class=\"elementor-section elementor-top-section elementor-element elementor-element-716771e2 elementor-section-stretched elementor-section-boxed elementor-section-height-default elementor-section-height-default\" data-id=\"716771e2\" data-element_type=\"section\" data-settings=\"{&quot;stretch_section&quot;:&quot;section-stretched&quot;,&quot;background_background&quot;:&quot;classic&quot;,&quot;shape_divider_bottom&quot;:&quot;waves&quot;}\">\n\t\t\t\t\t<div class=\"elementor-shape elementor-shape-bottom\" data-negative=\"false\">\n\t\t\t<svg xmlns=\"http:\/\/www.w3.org\/2000\/svg\" viewBox=\"0 0 1000 100\" preserveAspectRatio=\"none\">\n\t<path class=\"elementor-shape-fill\" d=\"M421.9,6.5c22.6-2.5,51.5,0.4,75.5,5.3c23.6,4.9,70.9,23.5,100.5,35.7c75.8,32.2,133.7,44.5,192.6,49.7\n\tc23.6,2.1,48.7,3.5,103.4-2.5c54.7-6,106.2-25.6,106.2-25.6V0H0v30.3c0,0,72,32.6,158.4,30.5c39.2-0.7,92.8-6.7,134-22.4\n\tc21.2-8.1,52.2-18.2,79.7-24.2C399.3,7.9,411.6,7.5,421.9,6.5z\"\/>\n<\/svg>\t\t<\/div>\n\t\t\t\t\t<div class=\"elementor-container elementor-column-gap-default\">\n\t\t\t\t\t<div class=\"elementor-column elementor-col-100 elementor-top-column elementor-element elementor-element-44ce5d7f\" data-id=\"44ce5d7f\" data-element_type=\"column\">\n\t\t\t<div class=\"elementor-widget-wrap elementor-element-populated\">\n\t\t\t\t\t\t<div class=\"elementor-element elementor-element-2e6b01ee animated-fast elementor-invisible elementor-widget elementor-widget-text-editor\" data-id=\"2e6b01ee\" data-element_type=\"widget\" data-settings=\"{&quot;_animation&quot;:&quot;fadeInUp&quot;,&quot;_animation_delay&quot;:500}\" data-widget_type=\"text-editor.default\">\n\t\t\t\t<div class=\"elementor-widget-container\">\n\t\t\t\t\t\t\t\t\t<p><em><u>Pou\u017eitie a v\u00fdznam pre pacienta<\/u><\/em><\/p><p>\u00a0 1. vysok\u00fd krvn\u00fd tlak v ambulancii a norm\u00e1lny doma \u00a0<br \/>\u00a0 \u00a0(hypertenzia bieleho pl\u00e1\u0161\u0165a)<br \/>\u00a0 \u00a02. napriek u\u017e\u00edvaniu liekov pretrv\u00e1va vysok\u00fd krvn\u00fd tlak<br \/>\u00a0 \u00a0 (rezistentn\u00e1 arteriov\u00e1 hypertenzia)<br \/>\u00a0 3.\u00a0kol\u00edsav\u00fd krvn\u00fd tlak\u00a0v priebehu d\u0148a \u00a0 (na z\u00e1klade<br \/>\u00a0 \u00a0 \u00a0v\u00fdsledkov V\u00e1m vieme presnej\u0161ie upravi\u0165 lie\u010dbu)\u00a0<br \/>\u00a0 4. kontrola efektu pod\u00e1van\u00fdch liekov po\u010das d\u0148a, \u00a0<br \/>\u00a0 \u00a0 \u00a0ale\u00a0aj v noci (no\u010dn\u00fd pokles krvn\u00e9ho tlaku)<br \/>\u00a0 5. podozrenie na n\u00edzky krvn\u00fd tlak pri kolapsov\u00fdch\u00a0<br \/>\u00a0 \u00a0 \u00a0 stavoch (star\u0161\u00ed pacienti a diabetici)<br \/>\u00a0 6. vy\u0161etrenie dok\u00e1\u017ee zaznamena\u0165 zv\u00fd\u0161en\u00fd krvn\u00fd tlak v<br \/>\u00a0 \u00a0 \u00a0 rann\u00fdch hodin\u00e1ch po zobuden\u00ed, kedy je najvy\u0161\u0161ie<br \/>\u00a0 \u00a0 \u00a0 riziko infarktu myokardu a mozgovej pr\u00edhody<br \/>\u00a0 7. zv\u00fd\u0161en\u00fd krvn\u00fd tlak v tehotenstve<br \/>\u00a0 8. pou\u017eitie v \u0161pecifick\u00fdch situ\u00e1ci\u00e1ch (chr\u00e1panie)<\/p>\t\t\t\t\t\t\t\t<\/div>\n\t\t\t\t<\/div>\n\t\t\t\t\t<\/div>\n\t\t<\/div>\n\t\t\t\t\t<\/div>\n\t\t<\/section>\n\t\t\t\t<\/div>\n\t\t","protected":false},"excerpt":{"rendered":"<p>24-hodinov\u00e9 ambulantn\u00e9 monitorovanie krvn\u00e9ho tlaku (ABPM) je v posledn\u00fdch rokoch opr\u00e1vnene pova\u017eovan\u00e9 za najobjekt\u00edvnej\u0161iu met\u00f3du merania krvn\u00e9ho tlaku v diagnostike a kontrole lie\u010dby art\u00e9riovej hypertenzie. \u00a0 Vy\u0161etrenie ABPM umo\u017e\u0148uje mera\u0165 tlak krvi po\u010das norm\u00e1lneho pracovn\u00e9ho d\u0148a, v be\u017en\u00fdch \u017eivotn\u00fdch situ\u00e1ci\u00e1ch, pri odpo\u010dinku a v sp\u00e1nku. Rutinn\u00e9 meranie krvn\u00e9ho tlaku v \u00a0ambulancii lek\u00e1ra nie je dostato\u010dn\u00e9 [&hellip;]<\/p>\n","protected":false},"author":1,"featured_media":0,"parent":45,"menu_order":7,"comment_status":"closed","ping_status":"closed","template":"","meta":{"_mi_skip_tracking":false,"_monsterinsights_sitenote_active":false,"_monsterinsights_sitenote_note":"","_monsterinsights_sitenote_category":0,"footnotes":""},"yoast_head":"<!-- This site is optimized with the Yoast SEO plugin v22.6 - https:\/\/yoast.com\/wordpress\/plugins\/seo\/ -->\n<title>Tlakov\u00fd holter - mudrstankovska.sk<\/title>\n<meta name=\"robots\" content=\"index, follow, max-snippet:-1, max-image-preview:large, max-video-preview:-1\" \/>\n<link rel=\"canonical\" href=\"https:\/\/mudrstankovska.sk\/?page_id=217\" \/>\n<meta property=\"og:locale\" content=\"sk_SK\" \/>\n<meta property=\"og:type\" content=\"article\" \/>\n<meta property=\"og:title\" content=\"Tlakov\u00fd holter - mudrstankovska.sk\" \/>\n<meta property=\"og:description\" content=\"24-hodinov\u00e9 ambulantn\u00e9 monitorovanie krvn\u00e9ho tlaku (ABPM) je v posledn\u00fdch rokoch opr\u00e1vnene pova\u017eovan\u00e9 za najobjekt\u00edvnej\u0161iu met\u00f3du merania krvn\u00e9ho tlaku v diagnostike a kontrole lie\u010dby art\u00e9riovej hypertenzie. \u00a0 Vy\u0161etrenie ABPM umo\u017e\u0148uje mera\u0165 tlak krvi po\u010das norm\u00e1lneho pracovn\u00e9ho d\u0148a, v be\u017en\u00fdch \u017eivotn\u00fdch situ\u00e1ci\u00e1ch, pri odpo\u010dinku a v sp\u00e1nku. Rutinn\u00e9 meranie krvn\u00e9ho tlaku v \u00a0ambulancii lek\u00e1ra nie je dostato\u010dn\u00e9 [&hellip;]\" \/>\n<meta property=\"og:url\" content=\"https:\/\/mudrstankovska.sk\/?page_id=217\" \/>\n<meta property=\"og:site_name\" content=\"mudrstankovska.sk\" \/>\n<meta property=\"article:modified_time\" content=\"2023-03-15T16:31:15+00:00\" \/>\n<meta property=\"og:image\" content=\"https:\/\/mudrstankovska.sk\/wp-content\/uploads\/2023\/03\/undraw_modern_life_trans.png\" \/>\n<meta name=\"twitter:card\" content=\"summary_large_image\" \/>\n<meta name=\"twitter:label1\" content=\"Predpokladan\u00fd \u010das \u010d\u00edtania\" \/>\n\t<meta name=\"twitter:data1\" content=\"2 min\u00faty\" \/>\n<script type=\"application\/ld+json\" class=\"yoast-schema-graph\">{\"@context\":\"https:\/\/schema.org\",\"@graph\":[{\"@type\":\"WebPage\",\"@id\":\"https:\/\/mudrstankovska.sk\/?page_id=217\",\"url\":\"https:\/\/mudrstankovska.sk\/?page_id=217\",\"name\":\"Tlakov\u00fd holter - mudrstankovska.sk\",\"isPartOf\":{\"@id\":\"https:\/\/mudrstankovska.sk\/#website\"},\"primaryImageOfPage\":{\"@id\":\"https:\/\/mudrstankovska.sk\/?page_id=217#primaryimage\"},\"image\":{\"@id\":\"https:\/\/mudrstankovska.sk\/?page_id=217#primaryimage\"},\"thumbnailUrl\":\"https:\/\/mudrstankovska.sk\/wp-content\/uploads\/2023\/03\/undraw_modern_life_trans.png\",\"datePublished\":\"2023-03-15T16:28:24+00:00\",\"dateModified\":\"2023-03-15T16:31:15+00:00\",\"breadcrumb\":{\"@id\":\"https:\/\/mudrstankovska.sk\/?page_id=217#breadcrumb\"},\"inLanguage\":\"sk-SK\",\"potentialAction\":[{\"@type\":\"ReadAction\",\"target\":[\"https:\/\/mudrstankovska.sk\/?page_id=217\"]}]},{\"@type\":\"ImageObject\",\"inLanguage\":\"sk-SK\",\"@id\":\"https:\/\/mudrstankovska.sk\/?page_id=217#primaryimage\",\"url\":\"https:\/\/mudrstankovska.sk\/wp-content\/uploads\/2023\/03\/undraw_modern_life_trans.png\",\"contentUrl\":\"https:\/\/mudrstankovska.sk\/wp-content\/uploads\/2023\/03\/undraw_modern_life_trans.png\",\"width\":744,\"height\":744},{\"@type\":\"BreadcrumbList\",\"@id\":\"https:\/\/mudrstankovska.sk\/?page_id=217#breadcrumb\",\"itemListElement\":[{\"@type\":\"ListItem\",\"position\":1,\"name\":\"Home\",\"item\":\"https:\/\/mudrstankovska.sk\/\"},{\"@type\":\"ListItem\",\"position\":2,\"name\":\"Zdravotn\u00e1 starostlivos\u0165\",\"item\":\"https:\/\/mudrstankovska.sk\/?page_id=45\"},{\"@type\":\"ListItem\",\"position\":3,\"name\":\"Tlakov\u00fd holter\"}]},{\"@type\":\"WebSite\",\"@id\":\"https:\/\/mudrstankovska.sk\/#website\",\"url\":\"https:\/\/mudrstankovska.sk\/\",\"name\":\"mudrstankovska.sk\",\"description\":\"V\u0161eobecn\u00fd lek\u00e1r pre dospel\u00fdch.\",\"publisher\":{\"@id\":\"https:\/\/mudrstankovska.sk\/#organization\"},\"potentialAction\":[{\"@type\":\"SearchAction\",\"target\":{\"@type\":\"EntryPoint\",\"urlTemplate\":\"https:\/\/mudrstankovska.sk\/?s={search_term_string}\"},\"query-input\":\"required name=search_term_string\"}],\"inLanguage\":\"sk-SK\"},{\"@type\":\"Organization\",\"@id\":\"https:\/\/mudrstankovska.sk\/#organization\",\"name\":\"mudrstankovska.sk\",\"url\":\"https:\/\/mudrstankovska.sk\/\",\"logo\":{\"@type\":\"ImageObject\",\"inLanguage\":\"sk-SK\",\"@id\":\"https:\/\/mudrstankovska.sk\/#\/schema\/logo\/image\/\",\"url\":\"https:\/\/mudrstankovska.sk\/wp-content\/uploads\/2023\/03\/960x0.jpg\",\"contentUrl\":\"https:\/\/mudrstankovska.sk\/wp-content\/uploads\/2023\/03\/960x0.jpg\",\"width\":958,\"height\":539,\"caption\":\"mudrstankovska.sk\"},\"image\":{\"@id\":\"https:\/\/mudrstankovska.sk\/#\/schema\/logo\/image\/\"}}]}<\/script>\n<!-- \/ Yoast SEO plugin. -->","yoast_head_json":{"title":"Tlakov\u00fd holter - mudrstankovska.sk","robots":{"index":"index","follow":"follow","max-snippet":"max-snippet:-1","max-image-preview":"max-image-preview:large","max-video-preview":"max-video-preview:-1"},"canonical":"https:\/\/mudrstankovska.sk\/?page_id=217","og_locale":"sk_SK","og_type":"article","og_title":"Tlakov\u00fd holter - mudrstankovska.sk","og_description":"24-hodinov\u00e9 ambulantn\u00e9 monitorovanie krvn\u00e9ho tlaku (ABPM) je v posledn\u00fdch rokoch opr\u00e1vnene pova\u017eovan\u00e9 za najobjekt\u00edvnej\u0161iu met\u00f3du merania krvn\u00e9ho tlaku v diagnostike a kontrole lie\u010dby art\u00e9riovej hypertenzie. \u00a0 Vy\u0161etrenie ABPM umo\u017e\u0148uje mera\u0165 tlak krvi po\u010das norm\u00e1lneho pracovn\u00e9ho d\u0148a, v be\u017en\u00fdch \u017eivotn\u00fdch situ\u00e1ci\u00e1ch, pri odpo\u010dinku a v sp\u00e1nku. Rutinn\u00e9 meranie krvn\u00e9ho tlaku v \u00a0ambulancii lek\u00e1ra nie je dostato\u010dn\u00e9 [&hellip;]","og_url":"https:\/\/mudrstankovska.sk\/?page_id=217","og_site_name":"mudrstankovska.sk","article_modified_time":"2023-03-15T16:31:15+00:00","og_image":[{"url":"https:\/\/mudrstankovska.sk\/wp-content\/uploads\/2023\/03\/undraw_modern_life_trans.png"}],"twitter_card":"summary_large_image","twitter_misc":{"Predpokladan\u00fd \u010das \u010d\u00edtania":"2 min\u00faty"},"schema":{"@context":"https:\/\/schema.org","@graph":[{"@type":"WebPage","@id":"https:\/\/mudrstankovska.sk\/?page_id=217","url":"https:\/\/mudrstankovska.sk\/?page_id=217","name":"Tlakov\u00fd holter - mudrstankovska.sk","isPartOf":{"@id":"https:\/\/mudrstankovska.sk\/#website"},"primaryImageOfPage":{"@id":"https:\/\/mudrstankovska.sk\/?page_id=217#primaryimage"},"image":{"@id":"https:\/\/mudrstankovska.sk\/?page_id=217#primaryimage"},"thumbnailUrl":"https:\/\/mudrstankovska.sk\/wp-content\/uploads\/2023\/03\/undraw_modern_life_trans.png","datePublished":"2023-03-15T16:28:24+00:00","dateModified":"2023-03-15T16:31:15+00:00","breadcrumb":{"@id":"https:\/\/mudrstankovska.sk\/?page_id=217#breadcrumb"},"inLanguage":"sk-SK","potentialAction":[{"@type":"ReadAction","target":["https:\/\/mudrstankovska.sk\/?page_id=217"]}]},{"@type":"ImageObject","inLanguage":"sk-SK","@id":"https:\/\/mudrstankovska.sk\/?page_id=217#primaryimage","url":"https:\/\/mudrstankovska.sk\/wp-content\/uploads\/2023\/03\/undraw_modern_life_trans.png","contentUrl":"https:\/\/mudrstankovska.sk\/wp-content\/uploads\/2023\/03\/undraw_modern_life_trans.png","width":744,"height":744},{"@type":"BreadcrumbList","@id":"https:\/\/mudrstankovska.sk\/?page_id=217#breadcrumb","itemListElement":[{"@type":"ListItem","position":1,"name":"Home","item":"https:\/\/mudrstankovska.sk\/"},{"@type":"ListItem","position":2,"name":"Zdravotn\u00e1 starostlivos\u0165","item":"https:\/\/mudrstankovska.sk\/?page_id=45"},{"@type":"ListItem","position":3,"name":"Tlakov\u00fd holter"}]},{"@type":"WebSite","@id":"https:\/\/mudrstankovska.sk\/#website","url":"https:\/\/mudrstankovska.sk\/","name":"mudrstankovska.sk","description":"V\u0161eobecn\u00fd lek\u00e1r pre dospel\u00fdch.","publisher":{"@id":"https:\/\/mudrstankovska.sk\/#organization"},"potentialAction":[{"@type":"SearchAction","target":{"@type":"EntryPoint","urlTemplate":"https:\/\/mudrstankovska.sk\/?s={search_term_string}"},"query-input":"required name=search_term_string"}],"inLanguage":"sk-SK"},{"@type":"Organization","@id":"https:\/\/mudrstankovska.sk\/#organization","name":"mudrstankovska.sk","url":"https:\/\/mudrstankovska.sk\/","logo":{"@type":"ImageObject","inLanguage":"sk-SK","@id":"https:\/\/mudrstankovska.sk\/#\/schema\/logo\/image\/","url":"https:\/\/mudrstankovska.sk\/wp-content\/uploads\/2023\/03\/960x0.jpg","contentUrl":"https:\/\/mudrstankovska.sk\/wp-content\/uploads\/2023\/03\/960x0.jpg","width":958,"height":539,"caption":"mudrstankovska.sk"},"image":{"@id":"https:\/\/mudrstankovska.sk\/#\/schema\/logo\/image\/"}}]}},"_links":{"self":[{"href":"https:\/\/mudrstankovska.sk\/index.php?rest_route=\/wp\/v2\/pages\/217"}],"collection":[{"href":"https:\/\/mudrstankovska.sk\/index.php?rest_route=\/wp\/v2\/pages"}],"about":[{"href":"https:\/\/mudrstankovska.sk\/index.php?rest_route=\/wp\/v2\/types\/page"}],"author":[{"embeddable":true,"href":"https:\/\/mudrstankovska.sk\/index.php?rest_route=\/wp\/v2\/users\/1"}],"replies":[{"embeddable":true,"href":"https:\/\/mudrstankovska.sk\/index.php?rest_route=%2Fwp%2Fv2%2Fcomments&post=217"}],"version-history":[{"count":4,"href":"https:\/\/mudrstankovska.sk\/index.php?rest_route=\/wp\/v2\/pages\/217\/revisions"}],"predecessor-version":[{"id":221,"href":"https:\/\/mudrstankovska.sk\/index.php?rest_route=\/wp\/v2\/pages\/217\/revisions\/221"}],"up":[{"embeddable":true,"href":"https:\/\/mudrstankovska.sk\/index.php?rest_route=\/wp\/v2\/pages\/45"}],"wp:attachment":[{"href":"https:\/\/mudrstankovska.sk\/index.php?rest_route=%2Fwp%2Fv2%2Fmedia&parent=217"}],"curies":[{"name":"wp","href":"https:\/\/api.w.org\/{rel}","templated":true}]}}