{"id":235,"date":"2023-03-15T17:47:12","date_gmt":"2023-03-15T16:47:12","guid":{"rendered":"https:\/\/mudrstankovska.sk\/?page_id=235"},"modified":"2023-03-15T17:49:59","modified_gmt":"2023-03-15T16:49:59","slug":"ekg","status":"publish","type":"page","link":"https:\/\/mudrstankovska.sk\/?page_id=235","title":{"rendered":"EKG"},"content":{"rendered":"\t\t<div data-elementor-type=\"wp-page\" data-elementor-id=\"235\" class=\"elementor elementor-235\">\n\t\t\t\t\t\t<section class=\"elementor-section elementor-top-section elementor-element elementor-element-5c5568f7 elementor-section-stretched elementor-section-full_width elementor-section-height-min-height elementor-section-items-stretch elementor-section-content-middle elementor-section-height-default\" data-id=\"5c5568f7\" data-element_type=\"section\" data-settings=\"{&quot;stretch_section&quot;:&quot;section-stretched&quot;,&quot;background_background&quot;:&quot;gradient&quot;,&quot;shape_divider_top&quot;:&quot;waves&quot;,&quot;shape_divider_bottom&quot;:&quot;waves&quot;}\">\n\t\t\t\t\t\t\t<div class=\"elementor-background-overlay\"><\/div>\n\t\t\t\t\t\t<div class=\"elementor-shape elementor-shape-top\" data-negative=\"false\">\n\t\t\t<svg xmlns=\"http:\/\/www.w3.org\/2000\/svg\" viewBox=\"0 0 1000 100\" preserveAspectRatio=\"none\">\n\t<path class=\"elementor-shape-fill\" d=\"M421.9,6.5c22.6-2.5,51.5,0.4,75.5,5.3c23.6,4.9,70.9,23.5,100.5,35.7c75.8,32.2,133.7,44.5,192.6,49.7\n\tc23.6,2.1,48.7,3.5,103.4-2.5c54.7-6,106.2-25.6,106.2-25.6V0H0v30.3c0,0,72,32.6,158.4,30.5c39.2-0.7,92.8-6.7,134-22.4\n\tc21.2-8.1,52.2-18.2,79.7-24.2C399.3,7.9,411.6,7.5,421.9,6.5z\"\/>\n<\/svg>\t\t<\/div>\n\t\t\t\t<div class=\"elementor-shape elementor-shape-bottom\" data-negative=\"false\">\n\t\t\t<svg xmlns=\"http:\/\/www.w3.org\/2000\/svg\" viewBox=\"0 0 1000 100\" preserveAspectRatio=\"none\">\n\t<path class=\"elementor-shape-fill\" d=\"M421.9,6.5c22.6-2.5,51.5,0.4,75.5,5.3c23.6,4.9,70.9,23.5,100.5,35.7c75.8,32.2,133.7,44.5,192.6,49.7\n\tc23.6,2.1,48.7,3.5,103.4-2.5c54.7-6,106.2-25.6,106.2-25.6V0H0v30.3c0,0,72,32.6,158.4,30.5c39.2-0.7,92.8-6.7,134-22.4\n\tc21.2-8.1,52.2-18.2,79.7-24.2C399.3,7.9,411.6,7.5,421.9,6.5z\"\/>\n<\/svg>\t\t<\/div>\n\t\t\t\t\t<div class=\"elementor-container elementor-column-gap-default\">\n\t\t\t\t\t<div class=\"elementor-column elementor-col-50 elementor-top-column elementor-element elementor-element-4067173\" data-id=\"4067173\" data-element_type=\"column\">\n\t\t\t<div class=\"elementor-widget-wrap elementor-element-populated\">\n\t\t\t\t\t\t<div class=\"elementor-element elementor-element-6ea2ea48 animated-fast elementor-view-default elementor-invisible elementor-widget elementor-widget-icon\" data-id=\"6ea2ea48\" data-element_type=\"widget\" data-settings=\"{&quot;_animation&quot;:&quot;bounceIn&quot;}\" data-widget_type=\"icon.default\">\n\t\t\t\t<div class=\"elementor-widget-container\">\n\t\t\t\t\t\t\t<div class=\"elementor-icon-wrapper\">\n\t\t\t<div class=\"elementor-icon\">\n\t\t\t\t\t\t\t<i class=\"fa fa-plus\" aria-hidden=\"true\"><\/i>\n\t\t\t\t\t\t<\/div>\n\t\t<\/div>\n\t\t\t\t\t\t<\/div>\n\t\t\t\t<\/div>\n\t\t\t\t<div class=\"elementor-element elementor-element-777d48eb animated-fast elementor-view-default elementor-invisible elementor-widget elementor-widget-icon\" data-id=\"777d48eb\" data-element_type=\"widget\" data-settings=\"{&quot;_animation&quot;:&quot;fadeInUp&quot;,&quot;_animation_delay&quot;:200}\" data-widget_type=\"icon.default\">\n\t\t\t\t<div class=\"elementor-widget-container\">\n\t\t\t\t\t\t\t<div class=\"elementor-icon-wrapper\">\n\t\t\t<div class=\"elementor-icon\">\n\t\t\t\t\t\t\t<i class=\"fa fa-plus\" aria-hidden=\"true\"><\/i>\n\t\t\t\t\t\t<\/div>\n\t\t<\/div>\n\t\t\t\t\t\t<\/div>\n\t\t\t\t<\/div>\n\t\t\t\t<div class=\"elementor-element elementor-element-1509192e elementor-view-default elementor-invisible elementor-widget elementor-widget-icon\" data-id=\"1509192e\" data-element_type=\"widget\" data-settings=\"{&quot;_animation&quot;:&quot;bounceIn&quot;,&quot;_animation_delay&quot;:100}\" data-widget_type=\"icon.default\">\n\t\t\t\t<div class=\"elementor-widget-container\">\n\t\t\t\t\t\t\t<div class=\"elementor-icon-wrapper\">\n\t\t\t<div class=\"elementor-icon\">\n\t\t\t\t\t\t\t<i class=\"fa fa-plus\" aria-hidden=\"true\"><\/i>\n\t\t\t\t\t\t<\/div>\n\t\t<\/div>\n\t\t\t\t\t\t<\/div>\n\t\t\t\t<\/div>\n\t\t\t\t<div class=\"elementor-element elementor-element-72334500 animated-fast elementor-invisible elementor-widget elementor-widget-heading\" data-id=\"72334500\" data-element_type=\"widget\" data-settings=\"{&quot;_animation&quot;:&quot;fadeInUp&quot;,&quot;_animation_delay&quot;:300}\" data-widget_type=\"heading.default\">\n\t\t\t\t<div class=\"elementor-widget-container\">\n\t\t\t\t\t<h2 class=\"elementor-heading-title elementor-size-default\">EKG<\/h2>\t\t\t\t<\/div>\n\t\t\t\t<\/div>\n\t\t\t\t<section class=\"elementor-section elementor-inner-section elementor-element elementor-element-64eff11d elementor-section-full_width elementor-section-height-default elementor-section-height-default\" data-id=\"64eff11d\" data-element_type=\"section\">\n\t\t\t\t\t\t<div class=\"elementor-container elementor-column-gap-default\">\n\t\t\t\t\t<div class=\"elementor-column elementor-col-50 elementor-inner-column elementor-element elementor-element-4a611efe\" data-id=\"4a611efe\" data-element_type=\"column\">\n\t\t\t<div class=\"elementor-widget-wrap elementor-element-populated\">\n\t\t\t\t\t\t<div class=\"elementor-element elementor-element-526b5317 animated-fast elementor-invisible elementor-widget elementor-widget-text-editor\" data-id=\"526b5317\" data-element_type=\"widget\" data-settings=\"{&quot;_animation&quot;:&quot;fadeIn&quot;,&quot;_animation_delay&quot;:500}\" data-widget_type=\"text-editor.default\">\n\t\t\t\t<div class=\"elementor-widget-container\">\n\t\t\t\t\t\t\t\t\t<div>je \u0161tandardn\u00e1 neinvaz\u00edvna (nebolestiv\u00e1) vy\u0161etrovacia met\u00f3da, ktor\u00e1 zaznamen\u00e1va elektrick\u00e9 potenci\u00e1ly z povrchu tela a v\u00fdsledkom je ekg krivka.\u00a0<\/div><div>\u00a0<\/div><ul><li><strong>V\u00fdznam EKG pre pacienta<\/strong>: Umo\u017e\u0148uje stanovi\u0165 diagn\u00f3zu viacer\u00fdch z\u00e1va\u017en\u00fdch ochoren\u00ed srdca, hlavne por\u00fach srdcov\u00e9ho rytmu alebo infarktu srdca.\u00a0Pomocou elektrokardiografie je mo\u017en\u00e9 diagnostikova\u0165 aj niektor\u00e9, sk\u00f4r a\u017e pokro\u010dil\u00e9 p\u013e\u00facne ochorenia.\u00a0Zmeny na elektrokardiograme vyvol\u00e1vaj\u00fa aj v\u00fdrazn\u00e9 odch\u00fd\u013eky hladiny drasl\u00edka a v\u00e1pnika v krvi alebo pred\u00e1vkovanie niektor\u00fdch liekov.<\/li><\/ul><div>\u00a0<\/div><ul><li><strong>EKG v na\u0161ej ambulancii<\/strong>\u00a0vykon\u00e1vame okrem ak\u00fatnych indik\u00e1ci\u00ed (n\u00e1hla zmena\/zhor\u0161enie zdravotn\u00e9ho stavu) v t\u00fdchto pr\u00edpadoch: \u00a0 \u00a0<\/li><\/ul><div>\u00a0 \u00a0 \u00a0 \u00a0 \u00a0 \u00a0 &#8211; prevent\u00edvna prehliadka<br \/>\u00a0 \u00a0 \u00a0 \u00a0 \u00a0 \u00a0 &#8211; predopera\u010dn\u00e9 vy\u0161etrenie<br \/>\u00a0 \u00a0 \u00a0 \u00a0 \u00a0 \u00a0 &#8211; sledovanie a lie\u010dba pacienta s vysok\u00fdm krvn\u00fdm tlakom<br \/>\u00a0 \u00a0 \u00a0 \u00a0 \u00a0 \u00a0 &#8211; sledovanie a lie\u010dba pacienta s poruchou metabolizmu lipidov\u00a0<br \/>\u00a0 \u00a0 \u00a0 \u00a0 \u00a0 \u00a0 &#8211; \u017eeny po\u010das gravidity na \u017eiados\u0165 gynekol\u00f3ga<br \/>\u00a0 \u00a0 \u00a0 \u00a0 \u00a0 \u00a0 &#8211; na vlastn\u00fa \u017eiados\u0165 pacienta\u00a0<\/div><div>\u00a0<\/div><ul><li><strong>Pr\u00edprava a priebeh vy\u0161etrenia<\/strong>: nie je potrebn\u00e1 \u017eiadna \u0161peci\u00e1lna pr\u00edprava, vy\u0161etrenie realizuje zdravotn\u00e1 sestra prilo\u017een\u00edm 12-tich zvodov na povrch tela a v\u00fdsledok vyhodnot\u00ed lek\u00e1r okam\u017eite.\u00a0<\/li><\/ul>\t\t\t\t\t\t\t\t<\/div>\n\t\t\t\t<\/div>\n\t\t\t\t\t<\/div>\n\t\t<\/div>\n\t\t\t\t<div class=\"elementor-column elementor-col-50 elementor-inner-column elementor-element elementor-element-14188a24\" data-id=\"14188a24\" data-element_type=\"column\">\n\t\t\t<div class=\"elementor-widget-wrap\">\n\t\t\t\t\t\t\t<\/div>\n\t\t<\/div>\n\t\t\t\t\t<\/div>\n\t\t<\/section>\n\t\t\t\t\t<\/div>\n\t\t<\/div>\n\t\t\t\t<div class=\"elementor-column elementor-col-50 elementor-top-column elementor-element elementor-element-1c741920\" data-id=\"1c741920\" data-element_type=\"column\">\n\t\t\t<div class=\"elementor-widget-wrap elementor-element-populated\">\n\t\t\t\t\t<div class=\"elementor-background-overlay\"><\/div>\n\t\t\t\t\t\t<div class=\"elementor-element elementor-element-b466768 animated-fast elementor-view-default elementor-invisible elementor-widget elementor-widget-icon\" data-id=\"b466768\" data-element_type=\"widget\" data-settings=\"{&quot;_animation&quot;:&quot;bounceIn&quot;}\" data-widget_type=\"icon.default\">\n\t\t\t\t<div class=\"elementor-widget-container\">\n\t\t\t\t\t\t\t<div class=\"elementor-icon-wrapper\">\n\t\t\t<div class=\"elementor-icon\">\n\t\t\t\t\t\t\t<i class=\"fa fa-plus\" aria-hidden=\"true\"><\/i>\n\t\t\t\t\t\t<\/div>\n\t\t<\/div>\n\t\t\t\t\t\t<\/div>\n\t\t\t\t<\/div>\n\t\t\t\t\t<\/div>\n\t\t<\/div>\n\t\t\t\t\t<\/div>\n\t\t<\/section>\n\t\t\t\t<\/div>\n\t\t","protected":false},"excerpt":{"rendered":"<p>EKG je \u0161tandardn\u00e1 neinvaz\u00edvna (nebolestiv\u00e1) vy\u0161etrovacia met\u00f3da, ktor\u00e1 zaznamen\u00e1va elektrick\u00e9 potenci\u00e1ly z povrchu tela a v\u00fdsledkom je ekg krivka.\u00a0\u00a0 V\u00fdznam EKG pre pacienta: Umo\u017e\u0148uje stanovi\u0165 diagn\u00f3zu viacer\u00fdch z\u00e1va\u017en\u00fdch ochoren\u00ed srdca, hlavne por\u00fach srdcov\u00e9ho rytmu alebo infarktu srdca.\u00a0Pomocou elektrokardiografie je mo\u017en\u00e9 diagnostikova\u0165 aj niektor\u00e9, sk\u00f4r a\u017e pokro\u010dil\u00e9 p\u013e\u00facne ochorenia.\u00a0Zmeny na elektrokardiograme vyvol\u00e1vaj\u00fa aj v\u00fdrazn\u00e9 odch\u00fd\u013eky hladiny [&hellip;]<\/p>\n","protected":false},"author":1,"featured_media":0,"parent":45,"menu_order":9,"comment_status":"closed","ping_status":"closed","template":"","meta":{"_mi_skip_tracking":false,"_monsterinsights_sitenote_active":false,"_monsterinsights_sitenote_note":"","_monsterinsights_sitenote_category":0,"footnotes":""},"yoast_head":"<!-- This site is optimized with the Yoast SEO plugin v22.6 - https:\/\/yoast.com\/wordpress\/plugins\/seo\/ -->\n<title>EKG - mudrstankovska.sk<\/title>\n<meta name=\"robots\" content=\"index, follow, max-snippet:-1, max-image-preview:large, max-video-preview:-1\" \/>\n<link rel=\"canonical\" href=\"https:\/\/mudrstankovska.sk\/?page_id=235\" \/>\n<meta property=\"og:locale\" content=\"sk_SK\" \/>\n<meta property=\"og:type\" content=\"article\" \/>\n<meta property=\"og:title\" content=\"EKG - mudrstankovska.sk\" \/>\n<meta property=\"og:description\" content=\"EKG je \u0161tandardn\u00e1 neinvaz\u00edvna (nebolestiv\u00e1) vy\u0161etrovacia met\u00f3da, ktor\u00e1 zaznamen\u00e1va elektrick\u00e9 potenci\u00e1ly z povrchu tela a v\u00fdsledkom je ekg krivka.\u00a0\u00a0 V\u00fdznam EKG pre pacienta: Umo\u017e\u0148uje stanovi\u0165 diagn\u00f3zu viacer\u00fdch z\u00e1va\u017en\u00fdch ochoren\u00ed srdca, hlavne por\u00fach srdcov\u00e9ho rytmu alebo infarktu srdca.\u00a0Pomocou elektrokardiografie je mo\u017en\u00e9 diagnostikova\u0165 aj niektor\u00e9, sk\u00f4r a\u017e pokro\u010dil\u00e9 p\u013e\u00facne ochorenia.\u00a0Zmeny na elektrokardiograme vyvol\u00e1vaj\u00fa aj v\u00fdrazn\u00e9 odch\u00fd\u013eky hladiny [&hellip;]\" \/>\n<meta property=\"og:url\" content=\"https:\/\/mudrstankovska.sk\/?page_id=235\" \/>\n<meta property=\"og:site_name\" content=\"mudrstankovska.sk\" \/>\n<meta property=\"article:modified_time\" content=\"2023-03-15T16:49:59+00:00\" \/>\n<meta name=\"twitter:card\" content=\"summary_large_image\" \/>\n<meta name=\"twitter:label1\" content=\"Predpokladan\u00fd \u010das \u010d\u00edtania\" \/>\n\t<meta name=\"twitter:data1\" content=\"1 min\u00fata\" \/>\n<script type=\"application\/ld+json\" class=\"yoast-schema-graph\">{\"@context\":\"https:\/\/schema.org\",\"@graph\":[{\"@type\":\"WebPage\",\"@id\":\"https:\/\/mudrstankovska.sk\/?page_id=235\",\"url\":\"https:\/\/mudrstankovska.sk\/?page_id=235\",\"name\":\"EKG - mudrstankovska.sk\",\"isPartOf\":{\"@id\":\"https:\/\/mudrstankovska.sk\/#website\"},\"datePublished\":\"2023-03-15T16:47:12+00:00\",\"dateModified\":\"2023-03-15T16:49:59+00:00\",\"breadcrumb\":{\"@id\":\"https:\/\/mudrstankovska.sk\/?page_id=235#breadcrumb\"},\"inLanguage\":\"sk-SK\",\"potentialAction\":[{\"@type\":\"ReadAction\",\"target\":[\"https:\/\/mudrstankovska.sk\/?page_id=235\"]}]},{\"@type\":\"BreadcrumbList\",\"@id\":\"https:\/\/mudrstankovska.sk\/?page_id=235#breadcrumb\",\"itemListElement\":[{\"@type\":\"ListItem\",\"position\":1,\"name\":\"Home\",\"item\":\"https:\/\/mudrstankovska.sk\/\"},{\"@type\":\"ListItem\",\"position\":2,\"name\":\"Zdravotn\u00e1 starostlivos\u0165\",\"item\":\"https:\/\/mudrstankovska.sk\/?page_id=45\"},{\"@type\":\"ListItem\",\"position\":3,\"name\":\"EKG\"}]},{\"@type\":\"WebSite\",\"@id\":\"https:\/\/mudrstankovska.sk\/#website\",\"url\":\"https:\/\/mudrstankovska.sk\/\",\"name\":\"mudrstankovska.sk\",\"description\":\"V\u0161eobecn\u00fd lek\u00e1r pre dospel\u00fdch.\",\"publisher\":{\"@id\":\"https:\/\/mudrstankovska.sk\/#organization\"},\"potentialAction\":[{\"@type\":\"SearchAction\",\"target\":{\"@type\":\"EntryPoint\",\"urlTemplate\":\"https:\/\/mudrstankovska.sk\/?s={search_term_string}\"},\"query-input\":\"required name=search_term_string\"}],\"inLanguage\":\"sk-SK\"},{\"@type\":\"Organization\",\"@id\":\"https:\/\/mudrstankovska.sk\/#organization\",\"name\":\"mudrstankovska.sk\",\"url\":\"https:\/\/mudrstankovska.sk\/\",\"logo\":{\"@type\":\"ImageObject\",\"inLanguage\":\"sk-SK\",\"@id\":\"https:\/\/mudrstankovska.sk\/#\/schema\/logo\/image\/\",\"url\":\"https:\/\/mudrstankovska.sk\/wp-content\/uploads\/2023\/03\/960x0.jpg\",\"contentUrl\":\"https:\/\/mudrstankovska.sk\/wp-content\/uploads\/2023\/03\/960x0.jpg\",\"width\":958,\"height\":539,\"caption\":\"mudrstankovska.sk\"},\"image\":{\"@id\":\"https:\/\/mudrstankovska.sk\/#\/schema\/logo\/image\/\"}}]}<\/script>\n<!-- \/ Yoast SEO plugin. -->","yoast_head_json":{"title":"EKG - mudrstankovska.sk","robots":{"index":"index","follow":"follow","max-snippet":"max-snippet:-1","max-image-preview":"max-image-preview:large","max-video-preview":"max-video-preview:-1"},"canonical":"https:\/\/mudrstankovska.sk\/?page_id=235","og_locale":"sk_SK","og_type":"article","og_title":"EKG - mudrstankovska.sk","og_description":"EKG je \u0161tandardn\u00e1 neinvaz\u00edvna (nebolestiv\u00e1) vy\u0161etrovacia met\u00f3da, ktor\u00e1 zaznamen\u00e1va elektrick\u00e9 potenci\u00e1ly z povrchu tela a v\u00fdsledkom je ekg krivka.\u00a0\u00a0 V\u00fdznam EKG pre pacienta: Umo\u017e\u0148uje stanovi\u0165 diagn\u00f3zu viacer\u00fdch z\u00e1va\u017en\u00fdch ochoren\u00ed srdca, hlavne por\u00fach srdcov\u00e9ho rytmu alebo infarktu srdca.\u00a0Pomocou elektrokardiografie je mo\u017en\u00e9 diagnostikova\u0165 aj niektor\u00e9, sk\u00f4r a\u017e pokro\u010dil\u00e9 p\u013e\u00facne ochorenia.\u00a0Zmeny na elektrokardiograme vyvol\u00e1vaj\u00fa aj v\u00fdrazn\u00e9 odch\u00fd\u013eky hladiny [&hellip;]","og_url":"https:\/\/mudrstankovska.sk\/?page_id=235","og_site_name":"mudrstankovska.sk","article_modified_time":"2023-03-15T16:49:59+00:00","twitter_card":"summary_large_image","twitter_misc":{"Predpokladan\u00fd \u010das \u010d\u00edtania":"1 min\u00fata"},"schema":{"@context":"https:\/\/schema.org","@graph":[{"@type":"WebPage","@id":"https:\/\/mudrstankovska.sk\/?page_id=235","url":"https:\/\/mudrstankovska.sk\/?page_id=235","name":"EKG - mudrstankovska.sk","isPartOf":{"@id":"https:\/\/mudrstankovska.sk\/#website"},"datePublished":"2023-03-15T16:47:12+00:00","dateModified":"2023-03-15T16:49:59+00:00","breadcrumb":{"@id":"https:\/\/mudrstankovska.sk\/?page_id=235#breadcrumb"},"inLanguage":"sk-SK","potentialAction":[{"@type":"ReadAction","target":["https:\/\/mudrstankovska.sk\/?page_id=235"]}]},{"@type":"BreadcrumbList","@id":"https:\/\/mudrstankovska.sk\/?page_id=235#breadcrumb","itemListElement":[{"@type":"ListItem","position":1,"name":"Home","item":"https:\/\/mudrstankovska.sk\/"},{"@type":"ListItem","position":2,"name":"Zdravotn\u00e1 starostlivos\u0165","item":"https:\/\/mudrstankovska.sk\/?page_id=45"},{"@type":"ListItem","position":3,"name":"EKG"}]},{"@type":"WebSite","@id":"https:\/\/mudrstankovska.sk\/#website","url":"https:\/\/mudrstankovska.sk\/","name":"mudrstankovska.sk","description":"V\u0161eobecn\u00fd lek\u00e1r pre dospel\u00fdch.","publisher":{"@id":"https:\/\/mudrstankovska.sk\/#organization"},"potentialAction":[{"@type":"SearchAction","target":{"@type":"EntryPoint","urlTemplate":"https:\/\/mudrstankovska.sk\/?s={search_term_string}"},"query-input":"required name=search_term_string"}],"inLanguage":"sk-SK"},{"@type":"Organization","@id":"https:\/\/mudrstankovska.sk\/#organization","name":"mudrstankovska.sk","url":"https:\/\/mudrstankovska.sk\/","logo":{"@type":"ImageObject","inLanguage":"sk-SK","@id":"https:\/\/mudrstankovska.sk\/#\/schema\/logo\/image\/","url":"https:\/\/mudrstankovska.sk\/wp-content\/uploads\/2023\/03\/960x0.jpg","contentUrl":"https:\/\/mudrstankovska.sk\/wp-content\/uploads\/2023\/03\/960x0.jpg","width":958,"height":539,"caption":"mudrstankovska.sk"},"image":{"@id":"https:\/\/mudrstankovska.sk\/#\/schema\/logo\/image\/"}}]}},"_links":{"self":[{"href":"https:\/\/mudrstankovska.sk\/index.php?rest_route=\/wp\/v2\/pages\/235"}],"collection":[{"href":"https:\/\/mudrstankovska.sk\/index.php?rest_route=\/wp\/v2\/pages"}],"about":[{"href":"https:\/\/mudrstankovska.sk\/index.php?rest_route=\/wp\/v2\/types\/page"}],"author":[{"embeddable":true,"href":"https:\/\/mudrstankovska.sk\/index.php?rest_route=\/wp\/v2\/users\/1"}],"replies":[{"embeddable":true,"href":"https:\/\/mudrstankovska.sk\/index.php?rest_route=%2Fwp%2Fv2%2Fcomments&post=235"}],"version-history":[{"count":4,"href":"https:\/\/mudrstankovska.sk\/index.php?rest_route=\/wp\/v2\/pages\/235\/revisions"}],"predecessor-version":[{"id":239,"href":"https:\/\/mudrstankovska.sk\/index.php?rest_route=\/wp\/v2\/pages\/235\/revisions\/239"}],"up":[{"embeddable":true,"href":"https:\/\/mudrstankovska.sk\/index.php?rest_route=\/wp\/v2\/pages\/45"}],"wp:attachment":[{"href":"https:\/\/mudrstankovska.sk\/index.php?rest_route=%2Fwp%2Fv2%2Fmedia&parent=235"}],"curies":[{"name":"wp","href":"https:\/\/api.w.org\/{rel}","templated":true}]}}