{"id":243,"date":"2023-03-17T15:26:35","date_gmt":"2023-03-17T14:26:35","guid":{"rendered":"https:\/\/mudrstankovska.sk\/?page_id=243"},"modified":"2023-03-24T14:07:26","modified_gmt":"2023-03-24T13:07:26","slug":"moderna-cakaren","status":"publish","type":"page","link":"https:\/\/mudrstankovska.sk\/?page_id=243","title":{"rendered":"Modern\u00e1 \u010dak\u00e1re\u0148"},"content":{"rendered":"\t\t<div data-elementor-type=\"wp-page\" data-elementor-id=\"243\" class=\"elementor elementor-243\">\n\t\t\t\t\t\t<section class=\"elementor-section elementor-top-section elementor-element elementor-element-f564a6a elementor-section-stretched elementor-section-full_width elementor-section-height-min-height elementor-section-items-stretch elementor-section-content-middle elementor-section-height-default\" data-id=\"f564a6a\" data-element_type=\"section\" data-settings=\"{&quot;stretch_section&quot;:&quot;section-stretched&quot;,&quot;background_background&quot;:&quot;classic&quot;}\">\n\t\t\t\t\t\t<div class=\"elementor-container elementor-column-gap-default\">\n\t\t\t\t\t<div class=\"elementor-column elementor-col-50 elementor-top-column elementor-element elementor-element-1872b593\" data-id=\"1872b593\" data-element_type=\"column\">\n\t\t\t<div class=\"elementor-widget-wrap elementor-element-populated\">\n\t\t\t\t\t<div class=\"elementor-background-overlay\"><\/div>\n\t\t\t\t\t\t<div class=\"elementor-element elementor-element-194ed35 elementor-widget elementor-widget-image\" data-id=\"194ed35\" data-element_type=\"widget\" data-widget_type=\"image.default\">\n\t\t\t\t<div class=\"elementor-widget-container\">\n\t\t\t\t\t\t\t\t\t\t\t\t\t\t\t<img fetchpriority=\"high\" decoding=\"async\" width=\"640\" height=\"514\" src=\"https:\/\/mudrstankovska.sk\/wp-content\/uploads\/2023\/03\/undraw_press_play_trans-1024x823.png\" class=\"attachment-large size-large wp-image-180\" alt=\"\" srcset=\"https:\/\/mudrstankovska.sk\/wp-content\/uploads\/2023\/03\/undraw_press_play_trans-1024x823.png 1024w, https:\/\/mudrstankovska.sk\/wp-content\/uploads\/2023\/03\/undraw_press_play_trans-300x241.png 300w, https:\/\/mudrstankovska.sk\/wp-content\/uploads\/2023\/03\/undraw_press_play_trans-768x617.png 768w, https:\/\/mudrstankovska.sk\/wp-content\/uploads\/2023\/03\/undraw_press_play_trans.png 1029w\" sizes=\"(max-width: 640px) 100vw, 640px\" \/>\t\t\t\t\t\t\t\t\t\t\t\t\t\t\t<\/div>\n\t\t\t\t<\/div>\n\t\t\t\t\t<\/div>\n\t\t<\/div>\n\t\t\t\t<div class=\"elementor-column elementor-col-50 elementor-top-column elementor-element elementor-element-147409b3\" data-id=\"147409b3\" data-element_type=\"column\">\n\t\t\t<div class=\"elementor-widget-wrap elementor-element-populated\">\n\t\t\t\t\t\t<div class=\"elementor-element elementor-element-587f0e9e animated-fast elementor-invisible elementor-widget elementor-widget-heading\" data-id=\"587f0e9e\" data-element_type=\"widget\" data-settings=\"{&quot;_animation&quot;:&quot;fadeInDown&quot;,&quot;_animation_delay&quot;:300}\" data-widget_type=\"heading.default\">\n\t\t\t\t<div class=\"elementor-widget-container\">\n\t\t\t\t\t<h4 class=\"elementor-heading-title elementor-size-default\"> Predstavujeme V\u00e1m objedn\u00e1vac\u00ed syst\u00e9m - e\u010casenka<\/h4>\t\t\t\t<\/div>\n\t\t\t\t<\/div>\n\t\t\t\t<div class=\"elementor-element elementor-element-7db97684 animated-fast elementor-invisible elementor-widget elementor-widget-heading\" data-id=\"7db97684\" data-element_type=\"widget\" data-settings=\"{&quot;_animation&quot;:&quot;fadeInUp&quot;,&quot;_animation_delay&quot;:300}\" data-widget_type=\"heading.default\">\n\t\t\t\t<div class=\"elementor-widget-container\">\n\t\t\t\t\t<h3 class=\"elementor-heading-title elementor-size-default\">Zav\u00e1dzame modern\u00e9 trendy nielen do ambulancie, ale aj do \u010dak\u00e1rne. <\/h3>\t\t\t\t<\/div>\n\t\t\t\t<\/div>\n\t\t\t\t<div class=\"elementor-element elementor-element-362fd01c elementor-widget elementor-widget-accordion\" data-id=\"362fd01c\" data-element_type=\"widget\" data-widget_type=\"accordion.default\">\n\t\t\t\t<div class=\"elementor-widget-container\">\n\t\t\t\t\t\t\t<div class=\"elementor-accordion\">\n\t\t\t\t\t\t\t<div class=\"elementor-accordion-item\">\n\t\t\t\t\t<div id=\"elementor-tab-title-9091\" class=\"elementor-tab-title\" data-tab=\"1\" role=\"button\" aria-controls=\"elementor-tab-content-9091\" aria-expanded=\"false\">\n\t\t\t\t\t\t\t\t\t\t\t\t\t<span class=\"elementor-accordion-icon elementor-accordion-icon-left\" aria-hidden=\"true\">\n\t\t\t\t\t\t\t\t\t\t\t\t\t\t\t<span class=\"elementor-accordion-icon-closed\"><i class=\"fas fa-arrow-circle-right\"><\/i><\/span>\n\t\t\t\t\t\t\t\t<span class=\"elementor-accordion-icon-opened\"><i class=\"fas fa-arrow-circle-down\"><\/i><\/span>\n\t\t\t\t\t\t\t\t\t\t\t\t\t\t<\/span>\n\t\t\t\t\t\t\t\t\t\t\t\t<a class=\"elementor-accordion-title\" tabindex=\"0\">e\u010casenka<\/a>\n\t\t\t\t\t<\/div>\n\t\t\t\t\t<div id=\"elementor-tab-content-9091\" class=\"elementor-tab-content elementor-clearfix\" data-tab=\"1\" role=\"region\" aria-labelledby=\"elementor-tab-title-9091\"><p>Pacient si <strong>po pr\u00edchode do \u010dak\u00e1rne vytla\u010d\u00ed poradov\u00fd l\u00edstok<\/strong>. Na l\u00edstku m\u00e1 okrem svojho \u010d\u00edsla aj kr\u00e1tky jedine\u010dn\u00fd k\u00f3d. M\u00f4\u017ee \u010daka\u0165 na mieste, alebo SMS-kou odosla\u0165 k\u00f3d z l\u00edstka a\u00a0od\u00eds\u0165.\u00a0V\u010das predt\u00fdm, ako sa jeho poradov\u00e9 \u010d\u00edslo dostane na rad, mu syst\u00e9m e\u010casenka po\u0161le SMS aby sa vr\u00e1til. Pacient pr\u00edde do \u010dak\u00e1rne a\u00a0v\u00a0kr\u00e1tkom \u010dase bude vybaven\u00fd.\u00a0<\/p><p>Nov\u00fd syst\u00e9m V\u00e1m tie\u017e umo\u017en\u00ed <strong>zaradi\u0165 sa do poradia<\/strong> prostredn\u00edctvom internetu pohodlne <strong>z V\u00e1\u0161ho domu<\/strong> s mo\u017enos\u0165ou necha\u0165 sa privola\u0165 SMS spr\u00e1vou.\u00a0<\/p><p>Link na objedn\u00e1vanie do na\u0161ej ambulancie: <a href=\"https:\/\/www.ecasenka.sk\/ordinacia\/normedicsro-mudrmariastankovska-lekar\">https:\/\/www.ecasenka.sk\/ordinacia\/normedicsro-mudrmariastankovska-lekar<\/a><\/p><p>Ver\u00edme, \u017ee nov\u00fd syst\u00e9m zv\u00fd\u0161i komfort pre na\u0161ich pacientov.<\/p><p>Viac inform\u00e1ci\u00ed o sp\u00f4sobe objedn\u00e1vania n\u00e1jdete na adrese:\u00a0<a href=\"http:\/\/www.ecasenka.sk\/\">http:\/\/www.ecasenka.sk<\/a>\u00a0<br \/><br \/>Va\u0161e zdravotn\u00e9 \u0165a\u017ekosti m\u00f4\u017eete aj na\u010falej konzultova\u0165 prostredn\u00edctvom emailu alebo telefonicky.\u00a0<\/p><\/div>\n\t\t\t\t<\/div>\n\t\t\t\t\t\t\t\t<\/div>\n\t\t\t\t\t\t<\/div>\n\t\t\t\t<\/div>\n\t\t\t\t<div class=\"elementor-element elementor-element-d3644da elementor-align-center elementor-widget elementor-widget-button\" data-id=\"d3644da\" data-element_type=\"widget\" data-widget_type=\"button.default\">\n\t\t\t\t<div class=\"elementor-widget-container\">\n\t\t\t\t\t\t\t\t\t<div class=\"elementor-button-wrapper\">\n\t\t\t\t\t<a class=\"elementor-button elementor-button-link elementor-size-sm\" href=\"https:\/\/www.ecasenka.sk\/ordinacia\/normedicsro-mudrmariastankovska-lekar\">\n\t\t\t\t\t\t<span class=\"elementor-button-content-wrapper\">\n\t\t\t\t\t\t\t\t\t<span class=\"elementor-button-text\">e\u010casenka<\/span>\n\t\t\t\t\t<\/span>\n\t\t\t\t\t<\/a>\n\t\t\t\t<\/div>\n\t\t\t\t\t\t\t\t<\/div>\n\t\t\t\t<\/div>\n\t\t\t\t\t<\/div>\n\t\t<\/div>\n\t\t\t\t\t<\/div>\n\t\t<\/section>\n\t\t\t\t<\/div>\n\t\t","protected":false},"excerpt":{"rendered":"<p>Predstavujeme V\u00e1m objedn\u00e1vac\u00ed syst\u00e9m &#8211; e\u010casenka Zav\u00e1dzame modern\u00e9 trendy nielen do ambulancie, ale aj do \u010dak\u00e1rne. e\u010casenka Pacient si po pr\u00edchode do \u010dak\u00e1rne vytla\u010d\u00ed poradov\u00fd l\u00edstok. Na l\u00edstku m\u00e1 okrem svojho \u010d\u00edsla aj kr\u00e1tky jedine\u010dn\u00fd k\u00f3d. M\u00f4\u017ee \u010daka\u0165 na mieste, alebo SMS-kou odosla\u0165 k\u00f3d z l\u00edstka a\u00a0od\u00eds\u0165.\u00a0V\u010das predt\u00fdm, ako sa jeho poradov\u00e9 \u010d\u00edslo dostane na [&hellip;]<\/p>\n","protected":false},"author":1,"featured_media":0,"parent":0,"menu_order":4,"comment_status":"closed","ping_status":"closed","template":"","meta":{"_mi_skip_tracking":false,"_monsterinsights_sitenote_active":false,"_monsterinsights_sitenote_note":"","_monsterinsights_sitenote_category":0,"footnotes":""},"yoast_head":"<!-- This site is optimized with the Yoast SEO plugin v22.6 - https:\/\/yoast.com\/wordpress\/plugins\/seo\/ -->\n<title>Modern\u00e1 \u010dak\u00e1re\u0148 - mudrstankovska.sk<\/title>\n<meta name=\"robots\" content=\"index, follow, max-snippet:-1, max-image-preview:large, max-video-preview:-1\" \/>\n<link rel=\"canonical\" href=\"https:\/\/mudrstankovska.sk\/?page_id=243\" \/>\n<meta property=\"og:locale\" content=\"sk_SK\" \/>\n<meta property=\"og:type\" content=\"article\" \/>\n<meta property=\"og:title\" content=\"Modern\u00e1 \u010dak\u00e1re\u0148 - mudrstankovska.sk\" \/>\n<meta property=\"og:description\" content=\"Predstavujeme V\u00e1m objedn\u00e1vac\u00ed syst\u00e9m &#8211; e\u010casenka Zav\u00e1dzame modern\u00e9 trendy nielen do ambulancie, ale aj do \u010dak\u00e1rne. e\u010casenka Pacient si po pr\u00edchode do \u010dak\u00e1rne vytla\u010d\u00ed poradov\u00fd l\u00edstok. Na l\u00edstku m\u00e1 okrem svojho \u010d\u00edsla aj kr\u00e1tky jedine\u010dn\u00fd k\u00f3d. M\u00f4\u017ee \u010daka\u0165 na mieste, alebo SMS-kou odosla\u0165 k\u00f3d z l\u00edstka a\u00a0od\u00eds\u0165.\u00a0V\u010das predt\u00fdm, ako sa jeho poradov\u00e9 \u010d\u00edslo dostane na [&hellip;]\" \/>\n<meta property=\"og:url\" content=\"https:\/\/mudrstankovska.sk\/?page_id=243\" \/>\n<meta property=\"og:site_name\" content=\"mudrstankovska.sk\" \/>\n<meta property=\"article:modified_time\" content=\"2023-03-24T13:07:26+00:00\" \/>\n<meta property=\"og:image\" content=\"https:\/\/mudrstankovska.sk\/wp-content\/uploads\/2023\/03\/undraw_press_play_trans-1024x823.png\" \/>\n<meta name=\"twitter:card\" content=\"summary_large_image\" \/>\n<meta name=\"twitter:label1\" content=\"Predpokladan\u00fd \u010das \u010d\u00edtania\" \/>\n\t<meta name=\"twitter:data1\" content=\"1 min\u00fata\" \/>\n<script type=\"application\/ld+json\" class=\"yoast-schema-graph\">{\"@context\":\"https:\/\/schema.org\",\"@graph\":[{\"@type\":\"WebPage\",\"@id\":\"https:\/\/mudrstankovska.sk\/?page_id=243\",\"url\":\"https:\/\/mudrstankovska.sk\/?page_id=243\",\"name\":\"Modern\u00e1 \u010dak\u00e1re\u0148 - mudrstankovska.sk\",\"isPartOf\":{\"@id\":\"https:\/\/mudrstankovska.sk\/#website\"},\"primaryImageOfPage\":{\"@id\":\"https:\/\/mudrstankovska.sk\/?page_id=243#primaryimage\"},\"image\":{\"@id\":\"https:\/\/mudrstankovska.sk\/?page_id=243#primaryimage\"},\"thumbnailUrl\":\"https:\/\/mudrstankovska.sk\/wp-content\/uploads\/2023\/03\/undraw_press_play_trans-1024x823.png\",\"datePublished\":\"2023-03-17T14:26:35+00:00\",\"dateModified\":\"2023-03-24T13:07:26+00:00\",\"breadcrumb\":{\"@id\":\"https:\/\/mudrstankovska.sk\/?page_id=243#breadcrumb\"},\"inLanguage\":\"sk-SK\",\"potentialAction\":[{\"@type\":\"ReadAction\",\"target\":[\"https:\/\/mudrstankovska.sk\/?page_id=243\"]}]},{\"@type\":\"ImageObject\",\"inLanguage\":\"sk-SK\",\"@id\":\"https:\/\/mudrstankovska.sk\/?page_id=243#primaryimage\",\"url\":\"https:\/\/mudrstankovska.sk\/wp-content\/uploads\/2023\/03\/undraw_press_play_trans.png\",\"contentUrl\":\"https:\/\/mudrstankovska.sk\/wp-content\/uploads\/2023\/03\/undraw_press_play_trans.png\",\"width\":1029,\"height\":827},{\"@type\":\"BreadcrumbList\",\"@id\":\"https:\/\/mudrstankovska.sk\/?page_id=243#breadcrumb\",\"itemListElement\":[{\"@type\":\"ListItem\",\"position\":1,\"name\":\"Home\",\"item\":\"https:\/\/mudrstankovska.sk\/\"},{\"@type\":\"ListItem\",\"position\":2,\"name\":\"Modern\u00e1 \u010dak\u00e1re\u0148\"}]},{\"@type\":\"WebSite\",\"@id\":\"https:\/\/mudrstankovska.sk\/#website\",\"url\":\"https:\/\/mudrstankovska.sk\/\",\"name\":\"mudrstankovska.sk\",\"description\":\"V\u0161eobecn\u00fd lek\u00e1r pre dospel\u00fdch.\",\"publisher\":{\"@id\":\"https:\/\/mudrstankovska.sk\/#organization\"},\"potentialAction\":[{\"@type\":\"SearchAction\",\"target\":{\"@type\":\"EntryPoint\",\"urlTemplate\":\"https:\/\/mudrstankovska.sk\/?s={search_term_string}\"},\"query-input\":\"required name=search_term_string\"}],\"inLanguage\":\"sk-SK\"},{\"@type\":\"Organization\",\"@id\":\"https:\/\/mudrstankovska.sk\/#organization\",\"name\":\"mudrstankovska.sk\",\"url\":\"https:\/\/mudrstankovska.sk\/\",\"logo\":{\"@type\":\"ImageObject\",\"inLanguage\":\"sk-SK\",\"@id\":\"https:\/\/mudrstankovska.sk\/#\/schema\/logo\/image\/\",\"url\":\"https:\/\/mudrstankovska.sk\/wp-content\/uploads\/2023\/03\/960x0.jpg\",\"contentUrl\":\"https:\/\/mudrstankovska.sk\/wp-content\/uploads\/2023\/03\/960x0.jpg\",\"width\":958,\"height\":539,\"caption\":\"mudrstankovska.sk\"},\"image\":{\"@id\":\"https:\/\/mudrstankovska.sk\/#\/schema\/logo\/image\/\"}}]}<\/script>\n<!-- \/ Yoast SEO plugin. -->","yoast_head_json":{"title":"Modern\u00e1 \u010dak\u00e1re\u0148 - mudrstankovska.sk","robots":{"index":"index","follow":"follow","max-snippet":"max-snippet:-1","max-image-preview":"max-image-preview:large","max-video-preview":"max-video-preview:-1"},"canonical":"https:\/\/mudrstankovska.sk\/?page_id=243","og_locale":"sk_SK","og_type":"article","og_title":"Modern\u00e1 \u010dak\u00e1re\u0148 - mudrstankovska.sk","og_description":"Predstavujeme V\u00e1m objedn\u00e1vac\u00ed syst\u00e9m &#8211; e\u010casenka Zav\u00e1dzame modern\u00e9 trendy nielen do ambulancie, ale aj do \u010dak\u00e1rne. e\u010casenka Pacient si po pr\u00edchode do \u010dak\u00e1rne vytla\u010d\u00ed poradov\u00fd l\u00edstok. Na l\u00edstku m\u00e1 okrem svojho \u010d\u00edsla aj kr\u00e1tky jedine\u010dn\u00fd k\u00f3d. M\u00f4\u017ee \u010daka\u0165 na mieste, alebo SMS-kou odosla\u0165 k\u00f3d z l\u00edstka a\u00a0od\u00eds\u0165.\u00a0V\u010das predt\u00fdm, ako sa jeho poradov\u00e9 \u010d\u00edslo dostane na [&hellip;]","og_url":"https:\/\/mudrstankovska.sk\/?page_id=243","og_site_name":"mudrstankovska.sk","article_modified_time":"2023-03-24T13:07:26+00:00","og_image":[{"url":"https:\/\/mudrstankovska.sk\/wp-content\/uploads\/2023\/03\/undraw_press_play_trans-1024x823.png"}],"twitter_card":"summary_large_image","twitter_misc":{"Predpokladan\u00fd \u010das \u010d\u00edtania":"1 min\u00fata"},"schema":{"@context":"https:\/\/schema.org","@graph":[{"@type":"WebPage","@id":"https:\/\/mudrstankovska.sk\/?page_id=243","url":"https:\/\/mudrstankovska.sk\/?page_id=243","name":"Modern\u00e1 \u010dak\u00e1re\u0148 - mudrstankovska.sk","isPartOf":{"@id":"https:\/\/mudrstankovska.sk\/#website"},"primaryImageOfPage":{"@id":"https:\/\/mudrstankovska.sk\/?page_id=243#primaryimage"},"image":{"@id":"https:\/\/mudrstankovska.sk\/?page_id=243#primaryimage"},"thumbnailUrl":"https:\/\/mudrstankovska.sk\/wp-content\/uploads\/2023\/03\/undraw_press_play_trans-1024x823.png","datePublished":"2023-03-17T14:26:35+00:00","dateModified":"2023-03-24T13:07:26+00:00","breadcrumb":{"@id":"https:\/\/mudrstankovska.sk\/?page_id=243#breadcrumb"},"inLanguage":"sk-SK","potentialAction":[{"@type":"ReadAction","target":["https:\/\/mudrstankovska.sk\/?page_id=243"]}]},{"@type":"ImageObject","inLanguage":"sk-SK","@id":"https:\/\/mudrstankovska.sk\/?page_id=243#primaryimage","url":"https:\/\/mudrstankovska.sk\/wp-content\/uploads\/2023\/03\/undraw_press_play_trans.png","contentUrl":"https:\/\/mudrstankovska.sk\/wp-content\/uploads\/2023\/03\/undraw_press_play_trans.png","width":1029,"height":827},{"@type":"BreadcrumbList","@id":"https:\/\/mudrstankovska.sk\/?page_id=243#breadcrumb","itemListElement":[{"@type":"ListItem","position":1,"name":"Home","item":"https:\/\/mudrstankovska.sk\/"},{"@type":"ListItem","position":2,"name":"Modern\u00e1 \u010dak\u00e1re\u0148"}]},{"@type":"WebSite","@id":"https:\/\/mudrstankovska.sk\/#website","url":"https:\/\/mudrstankovska.sk\/","name":"mudrstankovska.sk","description":"V\u0161eobecn\u00fd lek\u00e1r pre dospel\u00fdch.","publisher":{"@id":"https:\/\/mudrstankovska.sk\/#organization"},"potentialAction":[{"@type":"SearchAction","target":{"@type":"EntryPoint","urlTemplate":"https:\/\/mudrstankovska.sk\/?s={search_term_string}"},"query-input":"required name=search_term_string"}],"inLanguage":"sk-SK"},{"@type":"Organization","@id":"https:\/\/mudrstankovska.sk\/#organization","name":"mudrstankovska.sk","url":"https:\/\/mudrstankovska.sk\/","logo":{"@type":"ImageObject","inLanguage":"sk-SK","@id":"https:\/\/mudrstankovska.sk\/#\/schema\/logo\/image\/","url":"https:\/\/mudrstankovska.sk\/wp-content\/uploads\/2023\/03\/960x0.jpg","contentUrl":"https:\/\/mudrstankovska.sk\/wp-content\/uploads\/2023\/03\/960x0.jpg","width":958,"height":539,"caption":"mudrstankovska.sk"},"image":{"@id":"https:\/\/mudrstankovska.sk\/#\/schema\/logo\/image\/"}}]}},"_links":{"self":[{"href":"https:\/\/mudrstankovska.sk\/index.php?rest_route=\/wp\/v2\/pages\/243"}],"collection":[{"href":"https:\/\/mudrstankovska.sk\/index.php?rest_route=\/wp\/v2\/pages"}],"about":[{"href":"https:\/\/mudrstankovska.sk\/index.php?rest_route=\/wp\/v2\/types\/page"}],"author":[{"embeddable":true,"href":"https:\/\/mudrstankovska.sk\/index.php?rest_route=\/wp\/v2\/users\/1"}],"replies":[{"embeddable":true,"href":"https:\/\/mudrstankovska.sk\/index.php?rest_route=%2Fwp%2Fv2%2Fcomments&post=243"}],"version-history":[{"count":6,"href":"https:\/\/mudrstankovska.sk\/index.php?rest_route=\/wp\/v2\/pages\/243\/revisions"}],"predecessor-version":[{"id":277,"href":"https:\/\/mudrstankovska.sk\/index.php?rest_route=\/wp\/v2\/pages\/243\/revisions\/277"}],"wp:attachment":[{"href":"https:\/\/mudrstankovska.sk\/index.php?rest_route=%2Fwp%2Fv2%2Fmedia&parent=243"}],"curies":[{"name":"wp","href":"https:\/\/api.w.org\/{rel}","templated":true}]}}