{"id":304,"date":"2023-03-24T14:33:09","date_gmt":"2023-03-24T13:33:09","guid":{"rendered":"https:\/\/mudrstankovska.sk\/?page_id=304"},"modified":"2023-03-24T15:04:49","modified_gmt":"2023-03-24T14:04:49","slug":"galeria","status":"publish","type":"page","link":"https:\/\/mudrstankovska.sk\/?page_id=304","title":{"rendered":"Gal\u00e9ria"},"content":{"rendered":"\t\t<div data-elementor-type=\"wp-page\" data-elementor-id=\"304\" class=\"elementor elementor-304\">\n\t\t\t\t\t\t<section class=\"elementor-section elementor-top-section elementor-element elementor-element-5e8b3d0f elementor-section-stretched elementor-section-height-min-height elementor-section-items-stretch elementor-section-content-middle elementor-section-boxed elementor-section-height-default\" data-id=\"5e8b3d0f\" data-element_type=\"section\" data-settings=\"{&quot;stretch_section&quot;:&quot;section-stretched&quot;,&quot;background_background&quot;:&quot;classic&quot;,&quot;shape_divider_top&quot;:&quot;waves&quot;}\">\n\t\t\t\t\t\t\t<div class=\"elementor-background-overlay\"><\/div>\n\t\t\t\t\t\t<div class=\"elementor-shape elementor-shape-top\" data-negative=\"false\">\n\t\t\t<svg xmlns=\"http:\/\/www.w3.org\/2000\/svg\" viewBox=\"0 0 1000 100\" preserveAspectRatio=\"none\">\n\t<path class=\"elementor-shape-fill\" d=\"M421.9,6.5c22.6-2.5,51.5,0.4,75.5,5.3c23.6,4.9,70.9,23.5,100.5,35.7c75.8,32.2,133.7,44.5,192.6,49.7\n\tc23.6,2.1,48.7,3.5,103.4-2.5c54.7-6,106.2-25.6,106.2-25.6V0H0v30.3c0,0,72,32.6,158.4,30.5c39.2-0.7,92.8-6.7,134-22.4\n\tc21.2-8.1,52.2-18.2,79.7-24.2C399.3,7.9,411.6,7.5,421.9,6.5z\"\/>\n<\/svg>\t\t<\/div>\n\t\t\t\t\t<div class=\"elementor-container elementor-column-gap-default\">\n\t\t\t\t\t<div class=\"elementor-column elementor-col-50 elementor-top-column elementor-element elementor-element-5d857457\" data-id=\"5d857457\" data-element_type=\"column\" data-settings=\"{&quot;background_background&quot;:&quot;classic&quot;}\">\n\t\t\t<div class=\"elementor-widget-wrap elementor-element-populated\">\n\t\t\t\t\t<div class=\"elementor-background-overlay\"><\/div>\n\t\t\t\t\t\t<div class=\"elementor-element elementor-element-6b4408f5 elementor-view-default elementor-invisible elementor-widget elementor-widget-icon\" data-id=\"6b4408f5\" data-element_type=\"widget\" data-settings=\"{&quot;_animation&quot;:&quot;fadeInUp&quot;}\" data-widget_type=\"icon.default\">\n\t\t\t\t<div class=\"elementor-widget-container\">\n\t\t\t\t\t\t\t<div class=\"elementor-icon-wrapper\">\n\t\t\t<div class=\"elementor-icon\">\n\t\t\t\t\t\t\t<i class=\"fa fa-plus\" aria-hidden=\"true\"><\/i>\n\t\t\t\t\t\t<\/div>\n\t\t<\/div>\n\t\t\t\t\t\t<\/div>\n\t\t\t\t<\/div>\n\t\t\t\t<div class=\"elementor-element elementor-element-37f10ebb animated-fast elementor-widget__width-inherit elementor-invisible elementor-widget elementor-widget-heading\" data-id=\"37f10ebb\" data-element_type=\"widget\" data-settings=\"{&quot;_animation&quot;:&quot;fadeInUp&quot;,&quot;_animation_delay&quot;:300}\" data-widget_type=\"heading.default\">\n\t\t\t\t<div class=\"elementor-widget-container\">\n\t\t\t\t\t<h2 class=\"elementor-heading-title elementor-size-default\">Prezrite si priestory na\u0161ej ambulancie<\/h2>\t\t\t\t<\/div>\n\t\t\t\t<\/div>\n\t\t\t\t\t<\/div>\n\t\t<\/div>\n\t\t\t\t<div class=\"elementor-column elementor-col-50 elementor-top-column elementor-element elementor-element-6994cf3\" data-id=\"6994cf3\" data-element_type=\"column\" data-settings=\"{&quot;background_background&quot;:&quot;classic&quot;}\">\n\t\t\t<div class=\"elementor-widget-wrap elementor-element-populated\">\n\t\t\t\t\t<div class=\"elementor-background-overlay\"><\/div>\n\t\t\t\t\t\t<div class=\"elementor-element elementor-element-1d412066 elementor-view-default elementor-invisible elementor-widget elementor-widget-icon\" data-id=\"1d412066\" data-element_type=\"widget\" data-settings=\"{&quot;_animation&quot;:&quot;fadeInUp&quot;}\" data-widget_type=\"icon.default\">\n\t\t\t\t<div class=\"elementor-widget-container\">\n\t\t\t\t\t\t\t<div class=\"elementor-icon-wrapper\">\n\t\t\t<div class=\"elementor-icon\">\n\t\t\t\t\t\t\t<i class=\"fa fa-plus\" aria-hidden=\"true\"><\/i>\n\t\t\t\t\t\t<\/div>\n\t\t<\/div>\n\t\t\t\t\t\t<\/div>\n\t\t\t\t<\/div>\n\t\t\t\t<div class=\"elementor-element elementor-element-62833392 elementor-widget elementor-widget-image\" data-id=\"62833392\" data-element_type=\"widget\" data-widget_type=\"image.default\">\n\t\t\t\t<div class=\"elementor-widget-container\">\n\t\t\t\t\t\t\t\t\t\t\t\t\t\t\t<img fetchpriority=\"high\" decoding=\"async\" width=\"640\" height=\"541\" src=\"https:\/\/mudrstankovska.sk\/wp-content\/uploads\/2023\/03\/undraw_questions_trans-1024x866.png\" class=\"attachment-large size-large wp-image-191\" alt=\"\" srcset=\"https:\/\/mudrstankovska.sk\/wp-content\/uploads\/2023\/03\/undraw_questions_trans-1024x866.png 1024w, https:\/\/mudrstankovska.sk\/wp-content\/uploads\/2023\/03\/undraw_questions_trans-300x254.png 300w, https:\/\/mudrstankovska.sk\/wp-content\/uploads\/2023\/03\/undraw_questions_trans-768x650.png 768w, https:\/\/mudrstankovska.sk\/wp-content\/uploads\/2023\/03\/undraw_questions_trans.png 1032w\" sizes=\"(max-width: 640px) 100vw, 640px\" \/>\t\t\t\t\t\t\t\t\t\t\t\t\t\t\t<\/div>\n\t\t\t\t<\/div>\n\t\t\t\t\t<\/div>\n\t\t<\/div>\n\t\t\t\t\t<\/div>\n\t\t<\/section>\n\t\t\t\t<section class=\"elementor-section elementor-top-section elementor-element elementor-element-7018de8 elementor-section-boxed elementor-section-height-default elementor-section-height-default\" data-id=\"7018de8\" data-element_type=\"section\">\n\t\t\t\t\t\t<div class=\"elementor-container elementor-column-gap-default\">\n\t\t\t\t\t<div class=\"elementor-column elementor-col-100 elementor-top-column elementor-element elementor-element-5c2563c\" data-id=\"5c2563c\" data-element_type=\"column\">\n\t\t\t<div class=\"elementor-widget-wrap elementor-element-populated\">\n\t\t\t\t\t\t<div class=\"elementor-element elementor-element-3552cad elementor-widget elementor-widget-image\" data-id=\"3552cad\" data-element_type=\"widget\" data-widget_type=\"image.default\">\n\t\t\t\t<div class=\"elementor-widget-container\">\n\t\t\t\t\t\t\t\t\t\t\t\t\t\t\t<img decoding=\"async\" width=\"640\" height=\"853\" src=\"https:\/\/mudrstankovska.sk\/wp-content\/uploads\/2023\/03\/IMG_9421-768x1024.jpg\" class=\"attachment-large size-large wp-image-306\" alt=\"\" srcset=\"https:\/\/mudrstankovska.sk\/wp-content\/uploads\/2023\/03\/IMG_9421-768x1024.jpg 768w, https:\/\/mudrstankovska.sk\/wp-content\/uploads\/2023\/03\/IMG_9421-225x300.jpg 225w, https:\/\/mudrstankovska.sk\/wp-content\/uploads\/2023\/03\/IMG_9421-1152x1536.jpg 1152w, https:\/\/mudrstankovska.sk\/wp-content\/uploads\/2023\/03\/IMG_9421-1536x2048.jpg 1536w, https:\/\/mudrstankovska.sk\/wp-content\/uploads\/2023\/03\/IMG_9421-scaled.jpg 1920w\" sizes=\"(max-width: 640px) 100vw, 640px\" \/>\t\t\t\t\t\t\t\t\t\t\t\t\t\t\t<\/div>\n\t\t\t\t<\/div>\n\t\t\t\t<div class=\"elementor-element elementor-element-e7c3c62 elementor-widget elementor-widget-image\" data-id=\"e7c3c62\" data-element_type=\"widget\" data-widget_type=\"image.default\">\n\t\t\t\t<div class=\"elementor-widget-container\">\n\t\t\t\t\t\t\t\t\t\t\t\t\t\t\t<img decoding=\"async\" width=\"640\" height=\"853\" src=\"https:\/\/mudrstankovska.sk\/wp-content\/uploads\/2023\/03\/IMG_9423-768x1024.jpg\" class=\"attachment-large size-large wp-image-307\" alt=\"\" srcset=\"https:\/\/mudrstankovska.sk\/wp-content\/uploads\/2023\/03\/IMG_9423-768x1024.jpg 768w, https:\/\/mudrstankovska.sk\/wp-content\/uploads\/2023\/03\/IMG_9423-225x300.jpg 225w, https:\/\/mudrstankovska.sk\/wp-content\/uploads\/2023\/03\/IMG_9423-1152x1536.jpg 1152w, https:\/\/mudrstankovska.sk\/wp-content\/uploads\/2023\/03\/IMG_9423-1536x2048.jpg 1536w, https:\/\/mudrstankovska.sk\/wp-content\/uploads\/2023\/03\/IMG_9423-scaled.jpg 1920w\" sizes=\"(max-width: 640px) 100vw, 640px\" \/>\t\t\t\t\t\t\t\t\t\t\t\t\t\t\t<\/div>\n\t\t\t\t<\/div>\n\t\t\t\t<div class=\"elementor-element elementor-element-5cd15c2 elementor-widget elementor-widget-image\" data-id=\"5cd15c2\" data-element_type=\"widget\" data-widget_type=\"image.default\">\n\t\t\t\t<div class=\"elementor-widget-container\">\n\t\t\t\t\t\t\t\t\t\t\t\t\t\t\t<img loading=\"lazy\" decoding=\"async\" width=\"640\" height=\"480\" src=\"https:\/\/mudrstankovska.sk\/wp-content\/uploads\/2023\/03\/IMG_9425-1024x768.jpg\" class=\"attachment-large size-large wp-image-308\" alt=\"\" srcset=\"https:\/\/mudrstankovska.sk\/wp-content\/uploads\/2023\/03\/IMG_9425-1024x768.jpg 1024w, https:\/\/mudrstankovska.sk\/wp-content\/uploads\/2023\/03\/IMG_9425-300x225.jpg 300w, https:\/\/mudrstankovska.sk\/wp-content\/uploads\/2023\/03\/IMG_9425-768x576.jpg 768w, https:\/\/mudrstankovska.sk\/wp-content\/uploads\/2023\/03\/IMG_9425-1536x1152.jpg 1536w, https:\/\/mudrstankovska.sk\/wp-content\/uploads\/2023\/03\/IMG_9425-2048x1536.jpg 2048w\" sizes=\"(max-width: 640px) 100vw, 640px\" \/>\t\t\t\t\t\t\t\t\t\t\t\t\t\t\t<\/div>\n\t\t\t\t<\/div>\n\t\t\t\t<div class=\"elementor-element elementor-element-0b11997 elementor-widget elementor-widget-image\" data-id=\"0b11997\" data-element_type=\"widget\" data-widget_type=\"image.default\">\n\t\t\t\t<div class=\"elementor-widget-container\">\n\t\t\t\t\t\t\t\t\t\t\t\t\t\t\t<img loading=\"lazy\" decoding=\"async\" width=\"640\" height=\"480\" src=\"https:\/\/mudrstankovska.sk\/wp-content\/uploads\/2023\/03\/IMG_9429-1024x768.jpg\" class=\"attachment-large size-large wp-image-309\" alt=\"\" srcset=\"https:\/\/mudrstankovska.sk\/wp-content\/uploads\/2023\/03\/IMG_9429-1024x768.jpg 1024w, https:\/\/mudrstankovska.sk\/wp-content\/uploads\/2023\/03\/IMG_9429-300x225.jpg 300w, https:\/\/mudrstankovska.sk\/wp-content\/uploads\/2023\/03\/IMG_9429-768x576.jpg 768w, https:\/\/mudrstankovska.sk\/wp-content\/uploads\/2023\/03\/IMG_9429-1536x1152.jpg 1536w, https:\/\/mudrstankovska.sk\/wp-content\/uploads\/2023\/03\/IMG_9429-2048x1536.jpg 2048w\" sizes=\"(max-width: 640px) 100vw, 640px\" \/>\t\t\t\t\t\t\t\t\t\t\t\t\t\t\t<\/div>\n\t\t\t\t<\/div>\n\t\t\t\t<div class=\"elementor-element elementor-element-c0873ab elementor-widget elementor-widget-image\" data-id=\"c0873ab\" data-element_type=\"widget\" data-widget_type=\"image.default\">\n\t\t\t\t<div class=\"elementor-widget-container\">\n\t\t\t\t\t\t\t\t\t\t\t\t\t\t\t<img loading=\"lazy\" decoding=\"async\" width=\"640\" height=\"480\" src=\"https:\/\/mudrstankovska.sk\/wp-content\/uploads\/2023\/03\/IMG_9430-1024x768.jpg\" class=\"attachment-large size-large wp-image-310\" alt=\"\" srcset=\"https:\/\/mudrstankovska.sk\/wp-content\/uploads\/2023\/03\/IMG_9430-1024x768.jpg 1024w, https:\/\/mudrstankovska.sk\/wp-content\/uploads\/2023\/03\/IMG_9430-300x225.jpg 300w, https:\/\/mudrstankovska.sk\/wp-content\/uploads\/2023\/03\/IMG_9430-768x576.jpg 768w, https:\/\/mudrstankovska.sk\/wp-content\/uploads\/2023\/03\/IMG_9430-1536x1152.jpg 1536w, https:\/\/mudrstankovska.sk\/wp-content\/uploads\/2023\/03\/IMG_9430-2048x1536.jpg 2048w\" sizes=\"(max-width: 640px) 100vw, 640px\" \/>\t\t\t\t\t\t\t\t\t\t\t\t\t\t\t<\/div>\n\t\t\t\t<\/div>\n\t\t\t\t<div class=\"elementor-element elementor-element-2bc3fef elementor-widget elementor-widget-image\" data-id=\"2bc3fef\" data-element_type=\"widget\" data-widget_type=\"image.default\">\n\t\t\t\t<div class=\"elementor-widget-container\">\n\t\t\t\t\t\t\t\t\t\t\t\t\t\t\t<img loading=\"lazy\" decoding=\"async\" width=\"640\" height=\"480\" src=\"https:\/\/mudrstankovska.sk\/wp-content\/uploads\/2023\/03\/IMG_9431-1024x768.jpg\" class=\"attachment-large size-large wp-image-311\" alt=\"\" srcset=\"https:\/\/mudrstankovska.sk\/wp-content\/uploads\/2023\/03\/IMG_9431-1024x768.jpg 1024w, https:\/\/mudrstankovska.sk\/wp-content\/uploads\/2023\/03\/IMG_9431-300x225.jpg 300w, https:\/\/mudrstankovska.sk\/wp-content\/uploads\/2023\/03\/IMG_9431-768x576.jpg 768w, https:\/\/mudrstankovska.sk\/wp-content\/uploads\/2023\/03\/IMG_9431-1536x1152.jpg 1536w, https:\/\/mudrstankovska.sk\/wp-content\/uploads\/2023\/03\/IMG_9431-2048x1536.jpg 2048w\" sizes=\"(max-width: 640px) 100vw, 640px\" \/>\t\t\t\t\t\t\t\t\t\t\t\t\t\t\t<\/div>\n\t\t\t\t<\/div>\n\t\t\t\t\t<\/div>\n\t\t<\/div>\n\t\t\t\t\t<\/div>\n\t\t<\/section>\n\t\t\t\t<\/div>\n\t\t","protected":false},"excerpt":{"rendered":"<p>Prezrite si priestory na\u0161ej ambulancie<\/p>\n","protected":false},"author":1,"featured_media":0,"parent":0,"menu_order":7,"comment_status":"closed","ping_status":"closed","template":"","meta":{"_mi_skip_tracking":false,"_monsterinsights_sitenote_active":false,"_monsterinsights_sitenote_note":"","_monsterinsights_sitenote_category":0,"footnotes":""},"yoast_head":"<!-- This site is optimized with the Yoast SEO plugin v22.6 - https:\/\/yoast.com\/wordpress\/plugins\/seo\/ -->\n<title>Gal\u00e9ria - mudrstankovska.sk<\/title>\n<meta name=\"robots\" content=\"index, follow, max-snippet:-1, max-image-preview:large, max-video-preview:-1\" \/>\n<link rel=\"canonical\" href=\"https:\/\/mudrstankovska.sk\/?page_id=304\" \/>\n<meta property=\"og:locale\" content=\"sk_SK\" \/>\n<meta property=\"og:type\" content=\"article\" \/>\n<meta property=\"og:title\" content=\"Gal\u00e9ria - mudrstankovska.sk\" \/>\n<meta property=\"og:description\" content=\"Prezrite si priestory na\u0161ej ambulancie\" \/>\n<meta property=\"og:url\" content=\"https:\/\/mudrstankovska.sk\/?page_id=304\" \/>\n<meta property=\"og:site_name\" content=\"mudrstankovska.sk\" \/>\n<meta property=\"article:modified_time\" content=\"2023-03-24T14:04:49+00:00\" \/>\n<meta property=\"og:image\" content=\"https:\/\/mudrstankovska.sk\/wp-content\/uploads\/2023\/03\/undraw_questions_trans-1024x866.png\" \/>\n<meta name=\"twitter:card\" content=\"summary_large_image\" \/>\n<meta name=\"twitter:label1\" content=\"Predpokladan\u00fd \u010das \u010d\u00edtania\" \/>\n\t<meta name=\"twitter:data1\" content=\"2 min\u00faty\" \/>\n<script type=\"application\/ld+json\" class=\"yoast-schema-graph\">{\"@context\":\"https:\/\/schema.org\",\"@graph\":[{\"@type\":\"WebPage\",\"@id\":\"https:\/\/mudrstankovska.sk\/?page_id=304\",\"url\":\"https:\/\/mudrstankovska.sk\/?page_id=304\",\"name\":\"Gal\u00e9ria - mudrstankovska.sk\",\"isPartOf\":{\"@id\":\"https:\/\/mudrstankovska.sk\/#website\"},\"primaryImageOfPage\":{\"@id\":\"https:\/\/mudrstankovska.sk\/?page_id=304#primaryimage\"},\"image\":{\"@id\":\"https:\/\/mudrstankovska.sk\/?page_id=304#primaryimage\"},\"thumbnailUrl\":\"https:\/\/mudrstankovska.sk\/wp-content\/uploads\/2023\/03\/undraw_questions_trans-1024x866.png\",\"datePublished\":\"2023-03-24T13:33:09+00:00\",\"dateModified\":\"2023-03-24T14:04:49+00:00\",\"breadcrumb\":{\"@id\":\"https:\/\/mudrstankovska.sk\/?page_id=304#breadcrumb\"},\"inLanguage\":\"sk-SK\",\"potentialAction\":[{\"@type\":\"ReadAction\",\"target\":[\"https:\/\/mudrstankovska.sk\/?page_id=304\"]}]},{\"@type\":\"ImageObject\",\"inLanguage\":\"sk-SK\",\"@id\":\"https:\/\/mudrstankovska.sk\/?page_id=304#primaryimage\",\"url\":\"https:\/\/mudrstankovska.sk\/wp-content\/uploads\/2023\/03\/undraw_questions_trans.png\",\"contentUrl\":\"https:\/\/mudrstankovska.sk\/wp-content\/uploads\/2023\/03\/undraw_questions_trans.png\",\"width\":1032,\"height\":873},{\"@type\":\"BreadcrumbList\",\"@id\":\"https:\/\/mudrstankovska.sk\/?page_id=304#breadcrumb\",\"itemListElement\":[{\"@type\":\"ListItem\",\"position\":1,\"name\":\"Home\",\"item\":\"https:\/\/mudrstankovska.sk\/\"},{\"@type\":\"ListItem\",\"position\":2,\"name\":\"Gal\u00e9ria\"}]},{\"@type\":\"WebSite\",\"@id\":\"https:\/\/mudrstankovska.sk\/#website\",\"url\":\"https:\/\/mudrstankovska.sk\/\",\"name\":\"mudrstankovska.sk\",\"description\":\"V\u0161eobecn\u00fd lek\u00e1r pre dospel\u00fdch.\",\"publisher\":{\"@id\":\"https:\/\/mudrstankovska.sk\/#organization\"},\"potentialAction\":[{\"@type\":\"SearchAction\",\"target\":{\"@type\":\"EntryPoint\",\"urlTemplate\":\"https:\/\/mudrstankovska.sk\/?s={search_term_string}\"},\"query-input\":\"required name=search_term_string\"}],\"inLanguage\":\"sk-SK\"},{\"@type\":\"Organization\",\"@id\":\"https:\/\/mudrstankovska.sk\/#organization\",\"name\":\"mudrstankovska.sk\",\"url\":\"https:\/\/mudrstankovska.sk\/\",\"logo\":{\"@type\":\"ImageObject\",\"inLanguage\":\"sk-SK\",\"@id\":\"https:\/\/mudrstankovska.sk\/#\/schema\/logo\/image\/\",\"url\":\"https:\/\/mudrstankovska.sk\/wp-content\/uploads\/2023\/03\/960x0.jpg\",\"contentUrl\":\"https:\/\/mudrstankovska.sk\/wp-content\/uploads\/2023\/03\/960x0.jpg\",\"width\":958,\"height\":539,\"caption\":\"mudrstankovska.sk\"},\"image\":{\"@id\":\"https:\/\/mudrstankovska.sk\/#\/schema\/logo\/image\/\"}}]}<\/script>\n<!-- \/ Yoast SEO plugin. -->","yoast_head_json":{"title":"Gal\u00e9ria - mudrstankovska.sk","robots":{"index":"index","follow":"follow","max-snippet":"max-snippet:-1","max-image-preview":"max-image-preview:large","max-video-preview":"max-video-preview:-1"},"canonical":"https:\/\/mudrstankovska.sk\/?page_id=304","og_locale":"sk_SK","og_type":"article","og_title":"Gal\u00e9ria - mudrstankovska.sk","og_description":"Prezrite si priestory na\u0161ej ambulancie","og_url":"https:\/\/mudrstankovska.sk\/?page_id=304","og_site_name":"mudrstankovska.sk","article_modified_time":"2023-03-24T14:04:49+00:00","og_image":[{"url":"https:\/\/mudrstankovska.sk\/wp-content\/uploads\/2023\/03\/undraw_questions_trans-1024x866.png"}],"twitter_card":"summary_large_image","twitter_misc":{"Predpokladan\u00fd \u010das \u010d\u00edtania":"2 min\u00faty"},"schema":{"@context":"https:\/\/schema.org","@graph":[{"@type":"WebPage","@id":"https:\/\/mudrstankovska.sk\/?page_id=304","url":"https:\/\/mudrstankovska.sk\/?page_id=304","name":"Gal\u00e9ria - mudrstankovska.sk","isPartOf":{"@id":"https:\/\/mudrstankovska.sk\/#website"},"primaryImageOfPage":{"@id":"https:\/\/mudrstankovska.sk\/?page_id=304#primaryimage"},"image":{"@id":"https:\/\/mudrstankovska.sk\/?page_id=304#primaryimage"},"thumbnailUrl":"https:\/\/mudrstankovska.sk\/wp-content\/uploads\/2023\/03\/undraw_questions_trans-1024x866.png","datePublished":"2023-03-24T13:33:09+00:00","dateModified":"2023-03-24T14:04:49+00:00","breadcrumb":{"@id":"https:\/\/mudrstankovska.sk\/?page_id=304#breadcrumb"},"inLanguage":"sk-SK","potentialAction":[{"@type":"ReadAction","target":["https:\/\/mudrstankovska.sk\/?page_id=304"]}]},{"@type":"ImageObject","inLanguage":"sk-SK","@id":"https:\/\/mudrstankovska.sk\/?page_id=304#primaryimage","url":"https:\/\/mudrstankovska.sk\/wp-content\/uploads\/2023\/03\/undraw_questions_trans.png","contentUrl":"https:\/\/mudrstankovska.sk\/wp-content\/uploads\/2023\/03\/undraw_questions_trans.png","width":1032,"height":873},{"@type":"BreadcrumbList","@id":"https:\/\/mudrstankovska.sk\/?page_id=304#breadcrumb","itemListElement":[{"@type":"ListItem","position":1,"name":"Home","item":"https:\/\/mudrstankovska.sk\/"},{"@type":"ListItem","position":2,"name":"Gal\u00e9ria"}]},{"@type":"WebSite","@id":"https:\/\/mudrstankovska.sk\/#website","url":"https:\/\/mudrstankovska.sk\/","name":"mudrstankovska.sk","description":"V\u0161eobecn\u00fd lek\u00e1r pre dospel\u00fdch.","publisher":{"@id":"https:\/\/mudrstankovska.sk\/#organization"},"potentialAction":[{"@type":"SearchAction","target":{"@type":"EntryPoint","urlTemplate":"https:\/\/mudrstankovska.sk\/?s={search_term_string}"},"query-input":"required name=search_term_string"}],"inLanguage":"sk-SK"},{"@type":"Organization","@id":"https:\/\/mudrstankovska.sk\/#organization","name":"mudrstankovska.sk","url":"https:\/\/mudrstankovska.sk\/","logo":{"@type":"ImageObject","inLanguage":"sk-SK","@id":"https:\/\/mudrstankovska.sk\/#\/schema\/logo\/image\/","url":"https:\/\/mudrstankovska.sk\/wp-content\/uploads\/2023\/03\/960x0.jpg","contentUrl":"https:\/\/mudrstankovska.sk\/wp-content\/uploads\/2023\/03\/960x0.jpg","width":958,"height":539,"caption":"mudrstankovska.sk"},"image":{"@id":"https:\/\/mudrstankovska.sk\/#\/schema\/logo\/image\/"}}]}},"_links":{"self":[{"href":"https:\/\/mudrstankovska.sk\/index.php?rest_route=\/wp\/v2\/pages\/304"}],"collection":[{"href":"https:\/\/mudrstankovska.sk\/index.php?rest_route=\/wp\/v2\/pages"}],"about":[{"href":"https:\/\/mudrstankovska.sk\/index.php?rest_route=\/wp\/v2\/types\/page"}],"author":[{"embeddable":true,"href":"https:\/\/mudrstankovska.sk\/index.php?rest_route=\/wp\/v2\/users\/1"}],"replies":[{"embeddable":true,"href":"https:\/\/mudrstankovska.sk\/index.php?rest_route=%2Fwp%2Fv2%2Fcomments&post=304"}],"version-history":[{"count":6,"href":"https:\/\/mudrstankovska.sk\/index.php?rest_route=\/wp\/v2\/pages\/304\/revisions"}],"predecessor-version":[{"id":344,"href":"https:\/\/mudrstankovska.sk\/index.php?rest_route=\/wp\/v2\/pages\/304\/revisions\/344"}],"wp:attachment":[{"href":"https:\/\/mudrstankovska.sk\/index.php?rest_route=%2Fwp%2Fv2%2Fmedia&parent=304"}],"curies":[{"name":"wp","href":"https:\/\/api.w.org\/{rel}","templated":true}]}}