{"id":84,"date":"2023-03-08T16:44:33","date_gmt":"2023-03-08T15:44:33","guid":{"rendered":"https:\/\/mudrstankovska.sk\/?page_id=84"},"modified":"2023-03-15T15:36:59","modified_gmt":"2023-03-15T14:36:59","slug":"ordinacne-hodiny","status":"publish","type":"page","link":"https:\/\/mudrstankovska.sk\/?page_id=84","title":{"rendered":"Ordina\u010dn\u00e9 hodiny"},"content":{"rendered":"\t\t<div data-elementor-type=\"wp-page\" data-elementor-id=\"84\" class=\"elementor elementor-84\">\n\t\t\t\t\t\t<section class=\"elementor-section elementor-top-section elementor-element elementor-element-32ff7d66 elementor-section-stretched elementor-section-height-min-height elementor-section-items-stretch elementor-section-content-middle elementor-section-boxed elementor-section-height-default\" data-id=\"32ff7d66\" data-element_type=\"section\" data-settings=\"{&quot;stretch_section&quot;:&quot;section-stretched&quot;,&quot;background_background&quot;:&quot;classic&quot;,&quot;shape_divider_top&quot;:&quot;waves&quot;}\">\n\t\t\t\t\t\t\t<div class=\"elementor-background-overlay\"><\/div>\n\t\t\t\t\t\t<div class=\"elementor-shape elementor-shape-top\" data-negative=\"false\">\n\t\t\t<svg xmlns=\"http:\/\/www.w3.org\/2000\/svg\" viewBox=\"0 0 1000 100\" preserveAspectRatio=\"none\">\n\t<path class=\"elementor-shape-fill\" d=\"M421.9,6.5c22.6-2.5,51.5,0.4,75.5,5.3c23.6,4.9,70.9,23.5,100.5,35.7c75.8,32.2,133.7,44.5,192.6,49.7\n\tc23.6,2.1,48.7,3.5,103.4-2.5c54.7-6,106.2-25.6,106.2-25.6V0H0v30.3c0,0,72,32.6,158.4,30.5c39.2-0.7,92.8-6.7,134-22.4\n\tc21.2-8.1,52.2-18.2,79.7-24.2C399.3,7.9,411.6,7.5,421.9,6.5z\"\/>\n<\/svg>\t\t<\/div>\n\t\t\t\t\t<div class=\"elementor-container elementor-column-gap-default\">\n\t\t\t\t\t<div class=\"elementor-column elementor-col-100 elementor-top-column elementor-element elementor-element-4201a589\" data-id=\"4201a589\" data-element_type=\"column\" data-settings=\"{&quot;background_background&quot;:&quot;classic&quot;}\">\n\t\t\t<div class=\"elementor-widget-wrap elementor-element-populated\">\n\t\t\t\t\t<div class=\"elementor-background-overlay\"><\/div>\n\t\t\t\t\t\t<section class=\"elementor-section elementor-inner-section elementor-element elementor-element-60ddff7 elementor-section-full_width elementor-section-height-default elementor-section-height-default\" data-id=\"60ddff7\" data-element_type=\"section\">\n\t\t\t\t\t\t<div class=\"elementor-container elementor-column-gap-default\">\n\t\t\t\t\t<div class=\"elementor-column elementor-col-50 elementor-inner-column elementor-element elementor-element-45f8c972\" data-id=\"45f8c972\" data-element_type=\"column\">\n\t\t\t<div class=\"elementor-widget-wrap elementor-element-populated\">\n\t\t\t\t\t\t<div class=\"elementor-element elementor-element-1c9338d5 animated-fast elementor-invisible elementor-widget elementor-widget-heading\" data-id=\"1c9338d5\" data-element_type=\"widget\" data-settings=\"{&quot;_animation&quot;:&quot;fadeInDown&quot;,&quot;_animation_delay&quot;:300}\" data-widget_type=\"heading.default\">\n\t\t\t\t<div class=\"elementor-widget-container\">\n\t\t\t\t\t<h4 class=\"elementor-heading-title elementor-size-default\">Ordina\u010dn\u00e9 hodiny<\/h4>\t\t\t\t<\/div>\n\t\t\t\t<\/div>\n\t\t\t\t<div class=\"elementor-element elementor-element-14402416 animated-fast elementor-invisible elementor-widget elementor-widget-text-editor\" data-id=\"14402416\" data-element_type=\"widget\" data-settings=\"{&quot;_animation&quot;:&quot;fadeIn&quot;,&quot;_animation_delay&quot;:500}\" data-widget_type=\"text-editor.default\">\n\t\t\t\t<div class=\"elementor-widget-container\">\n\t\t\t\t\t\t\t\t\t<p><strong>PONDELOK:<\/strong><\/p><p>7:00 &#8211; 8:00 odbery krvi a ostatn\u00e9ho biologick\u00e9ho materi\u00e1lu<\/p><p>8:00 &#8211; 10:00 ak\u00fatni pacienti (nov\u00e9 ochorenie, \u00faraz, boles\u0165 &#8230;)<\/p><p>10:00 &#8211; 11:00 telefonick\u00e9\/emailov\u00e9 konzult\u00e1cie<\/p><p>11:00 &#8211; 12:00 kontroly PN<\/p><p>12:00 &#8211; 15:00 objednan\u00ed pacienti<\/p><p>\u00a0<\/p><p><strong>UTOROK<\/strong><\/p><p>7:00 &#8211; 8:00 odbery krvi a ostatn\u00e9ho biologick\u00e9ho materi\u00e1lu<\/p><p>8:00 &#8211; 10:00 ak\u00fatni pacienti (nov\u00e9 ochorenie, \u00faraz, boles\u0165 &#8230;)<\/p><p>10:00 &#8211; 11:00 telefonick\u00e9\/emailov\u00e9 konzult\u00e1cie<\/p><p>11:00 &#8211; 12:00 kontroly PN<\/p><p>12:00 &#8211; 14:00 objednan\u00ed pacienti<\/p><p>\u00a0<\/p><p><strong>STREDA<\/strong><\/p><p>7:00 &#8211; 8:00 odbery krvi a ostatn\u00e9ho biologick\u00e9ho materi\u00e1lu<\/p><p>8:00 &#8211; 12:00 administrat\u00edva &#8211; sestra (v ambulancii v Malack\u00e1ch sa v stredu nach\u00e1dza v\u017edy iba zdravotn\u00e1 sestra)<\/p><p>8:00 &#8211; 14:00 ordin\u00e1cia lek\u00e1ra v Bratislave (len telefonicky objednan\u00ed pacienti na tel. \u010d. 034\/2021317)<\/p><p>\u00a0<\/p><p><strong>\u0160TVRTOK<\/strong><\/p><p>14:00 &#8211; 15:00 objednan\u00ed pacienti<\/p><p>15:00 &#8211; 17:00 ak\u00fatni pacienti (nov\u00e9 ochorenie, \u00faraz, boles\u0165 &#8230;)<\/p><p>17:00 &#8211; 18:00 telefonick\u00e9\/emailov\u00e9 konzult\u00e1cie<\/p><p>18:00 &#8211; 19:00 objednan\u00ed pacienti<\/p><p>\u00a0<\/p><p><strong>PIATOK<\/strong><\/p><p>7:00 &#8211; 8:00 odbery krvi a ostatn\u00e9ho biologick\u00e9ho materi\u00e1lu<\/p><p>8:00 &#8211; 10:00 ak\u00fatni pacienti (nov\u00e9 ochorenie, \u00faraz, boles\u0165 &#8230;)<\/p><p>10:00 &#8211; 11:00 telefonick\u00e9\/emailov\u00e9 konzult\u00e1cie<\/p><p>11:00 &#8211; 12:00 kontroly PN<\/p><p>12:00 &#8211; 13:00 objednan\u00ed pacienti<\/p><p>\u00a0<\/p><p>\u00a0<\/p>\t\t\t\t\t\t\t\t<\/div>\n\t\t\t\t<\/div>\n\t\t\t\t\t<\/div>\n\t\t<\/div>\n\t\t\t\t<div class=\"elementor-column elementor-col-50 elementor-inner-column elementor-element elementor-element-360a9226\" data-id=\"360a9226\" data-element_type=\"column\" data-settings=\"{&quot;background_background&quot;:&quot;classic&quot;}\">\n\t\t\t<div class=\"elementor-widget-wrap elementor-element-populated\">\n\t\t\t\t\t\t<div class=\"elementor-element elementor-element-1f1a9ba8 elementor-widget elementor-widget-image\" data-id=\"1f1a9ba8\" data-element_type=\"widget\" data-widget_type=\"image.default\">\n\t\t\t\t<div class=\"elementor-widget-container\">\n\t\t\t\t\t\t\t\t\t\t\t\t\t\t\t<img fetchpriority=\"high\" decoding=\"async\" width=\"640\" height=\"469\" src=\"https:\/\/mudrstankovska.sk\/wp-content\/uploads\/2023\/03\/undraw_setup_wizard_trans-1024x750.png\" class=\"attachment-large size-large wp-image-86\" alt=\"\" srcset=\"https:\/\/mudrstankovska.sk\/wp-content\/uploads\/2023\/03\/undraw_setup_wizard_trans-1024x750.png 1024w, https:\/\/mudrstankovska.sk\/wp-content\/uploads\/2023\/03\/undraw_setup_wizard_trans-300x220.png 300w, https:\/\/mudrstankovska.sk\/wp-content\/uploads\/2023\/03\/undraw_setup_wizard_trans-768x563.png 768w, https:\/\/mudrstankovska.sk\/wp-content\/uploads\/2023\/03\/undraw_setup_wizard_trans.png 1302w\" sizes=\"(max-width: 640px) 100vw, 640px\" \/>\t\t\t\t\t\t\t\t\t\t\t\t\t\t\t<\/div>\n\t\t\t\t<\/div>\n\t\t\t\t\t<\/div>\n\t\t<\/div>\n\t\t\t\t\t<\/div>\n\t\t<\/section>\n\t\t\t\t\t<\/div>\n\t\t<\/div>\n\t\t\t\t\t<\/div>\n\t\t<\/section>\n\t\t\t\t<section class=\"elementor-section elementor-top-section elementor-element elementor-element-295a14ae elementor-section-stretched elementor-section-full_width elementor-section-height-min-height elementor-section-items-stretch elementor-section-content-middle elementor-reverse-mobile elementor-section-height-default\" data-id=\"295a14ae\" data-element_type=\"section\" data-settings=\"{&quot;stretch_section&quot;:&quot;section-stretched&quot;,&quot;background_background&quot;:&quot;classic&quot;}\">\n\t\t\t\t\t\t<div class=\"elementor-container elementor-column-gap-default\">\n\t\t\t\t\t<div class=\"elementor-column elementor-col-50 elementor-top-column elementor-element elementor-element-36c1a2fb\" data-id=\"36c1a2fb\" data-element_type=\"column\" data-settings=\"{&quot;background_background&quot;:&quot;gradient&quot;}\">\n\t\t\t<div class=\"elementor-widget-wrap elementor-element-populated\">\n\t\t\t\t\t<div class=\"elementor-background-overlay\"><\/div>\n\t\t\t\t\t\t<section class=\"elementor-section elementor-inner-section elementor-element elementor-element-26b3835c elementor-section-boxed elementor-section-height-default elementor-section-height-default\" data-id=\"26b3835c\" data-element_type=\"section\">\n\t\t\t\t\t\t\t<div class=\"elementor-background-overlay\"><\/div>\n\t\t\t\t\t\t\t<div class=\"elementor-container elementor-column-gap-default\">\n\t\t\t\t\t<div class=\"elementor-column elementor-col-100 elementor-inner-column elementor-element elementor-element-1fe3a3f0\" data-id=\"1fe3a3f0\" data-element_type=\"column\" data-settings=\"{&quot;background_background&quot;:&quot;classic&quot;}\">\n\t\t\t<div class=\"elementor-widget-wrap elementor-element-populated\">\n\t\t\t\t\t\t<div class=\"elementor-element elementor-element-7beba7b6 elementor-widget elementor-widget-spacer\" data-id=\"7beba7b6\" data-element_type=\"widget\" data-widget_type=\"spacer.default\">\n\t\t\t\t<div class=\"elementor-widget-container\">\n\t\t\t\t\t\t\t<div class=\"elementor-spacer\">\n\t\t\t<div class=\"elementor-spacer-inner\"><\/div>\n\t\t<\/div>\n\t\t\t\t\t\t<\/div>\n\t\t\t\t<\/div>\n\t\t\t\t<div class=\"elementor-element elementor-element-52a1cdb7 elementor-pagination-position-inside elementor-arrows-position-inside elementor-widget elementor-widget-image-carousel\" data-id=\"52a1cdb7\" data-element_type=\"widget\" data-settings=\"{&quot;slides_to_show&quot;:&quot;1&quot;,&quot;navigation&quot;:&quot;both&quot;,&quot;autoplay&quot;:&quot;yes&quot;,&quot;pause_on_hover&quot;:&quot;yes&quot;,&quot;pause_on_interaction&quot;:&quot;yes&quot;,&quot;autoplay_speed&quot;:5000,&quot;infinite&quot;:&quot;yes&quot;,&quot;effect&quot;:&quot;slide&quot;,&quot;speed&quot;:500}\" data-widget_type=\"image-carousel.default\">\n\t\t\t\t<div class=\"elementor-widget-container\">\n\t\t\t\t\t\t\t<div class=\"elementor-image-carousel-wrapper swiper\" role=\"region\" aria-roledescription=\"carousel\" aria-label=\"Obr\u00e1zkov\u00fd kot\u00fa\u010d\" dir=\"ltr\">\n\t\t\t<div class=\"elementor-image-carousel swiper-wrapper swiper-image-stretch\" aria-live=\"off\">\n\t\t\t\t\t\t\t\t<div class=\"swiper-slide\" role=\"group\" aria-roledescription=\"slide\" aria-label=\"1 of 3\"><figure class=\"swiper-slide-inner\"><img decoding=\"async\" class=\"swiper-slide-image\" src=\"https:\/\/mudrstankovska.sk\/wp-content\/uploads\/elementor\/thumbs\/undraw_modern_life_u1ev-q37vqzx9t12mk8f8sezul5a93djx4ib86zza84414w.png\" alt=\"undraw_modern_life_u1ev.png\" \/><\/figure><\/div><div class=\"swiper-slide\" role=\"group\" aria-roledescription=\"slide\" aria-label=\"2 of 3\"><figure class=\"swiper-slide-inner\"><img decoding=\"async\" class=\"swiper-slide-image\" src=\"https:\/\/mudrstankovska.sk\/wp-content\/uploads\/elementor\/thumbs\/undraw_doctors_hwty-q37vr3omkd7ruo9s6gmcv4c3gx1dzaq5jil857ygg0.png\" alt=\"undraw_doctors_hwty.png\" \/><\/figure><\/div><div class=\"swiper-slide\" role=\"group\" aria-roledescription=\"slide\" aria-label=\"3 of 3\"><figure class=\"swiper-slide-inner\"><img decoding=\"async\" class=\"swiper-slide-image\" src=\"https:\/\/mudrstankovska.sk\/wp-content\/uploads\/elementor\/thumbs\/undraw_setup_wizard_trans-q37vqqivwoprc4swbaxkw7nn5iu8zj9wtpgffchyv4.png\" alt=\"undraw_setup_wizard_trans.png\" \/><\/figure><\/div>\t\t\t<\/div>\n\t\t\t\t\t\t\t\t\t\t\t\t<div class=\"elementor-swiper-button elementor-swiper-button-prev\" role=\"button\" tabindex=\"0\">\n\t\t\t\t\t\t<i aria-hidden=\"true\" class=\"eicon-chevron-left\"><\/i>\t\t\t\t\t<\/div>\n\t\t\t\t\t<div class=\"elementor-swiper-button elementor-swiper-button-next\" role=\"button\" tabindex=\"0\">\n\t\t\t\t\t\t<i aria-hidden=\"true\" class=\"eicon-chevron-right\"><\/i>\t\t\t\t\t<\/div>\n\t\t\t\t\n\t\t\t\t\t\t\t\t\t<div class=\"swiper-pagination\"><\/div>\n\t\t\t\t\t\t\t\t\t<\/div>\n\t\t\t\t\t\t<\/div>\n\t\t\t\t<\/div>\n\t\t\t\t<div class=\"elementor-element elementor-element-35001881 elementor-widget elementor-widget-spacer\" data-id=\"35001881\" data-element_type=\"widget\" data-widget_type=\"spacer.default\">\n\t\t\t\t<div class=\"elementor-widget-container\">\n\t\t\t\t\t\t\t<div class=\"elementor-spacer\">\n\t\t\t<div class=\"elementor-spacer-inner\"><\/div>\n\t\t<\/div>\n\t\t\t\t\t\t<\/div>\n\t\t\t\t<\/div>\n\t\t\t\t\t<\/div>\n\t\t<\/div>\n\t\t\t\t\t<\/div>\n\t\t<\/section>\n\t\t\t\t\t<\/div>\n\t\t<\/div>\n\t\t\t\t<div class=\"elementor-column elementor-col-50 elementor-top-column elementor-element elementor-element-6e62edc8\" data-id=\"6e62edc8\" data-element_type=\"column\">\n\t\t\t<div class=\"elementor-widget-wrap elementor-element-populated\">\n\t\t\t\t\t\t<section class=\"elementor-section elementor-inner-section elementor-element elementor-element-3f41ef40 elementor-section-boxed elementor-section-height-default elementor-section-height-default\" data-id=\"3f41ef40\" data-element_type=\"section\">\n\t\t\t\t\t\t<div class=\"elementor-container elementor-column-gap-default\">\n\t\t\t\t\t<div class=\"elementor-column elementor-col-100 elementor-inner-column elementor-element elementor-element-1b5eb280\" data-id=\"1b5eb280\" data-element_type=\"column\">\n\t\t\t<div class=\"elementor-widget-wrap elementor-element-populated\">\n\t\t\t\t\t\t<div class=\"elementor-element elementor-element-481b8fd7 animated-fast elementor-invisible elementor-widget elementor-widget-heading\" data-id=\"481b8fd7\" data-element_type=\"widget\" data-settings=\"{&quot;_animation&quot;:&quot;fadeInUp&quot;,&quot;_animation_delay&quot;:300}\" data-widget_type=\"heading.default\">\n\t\t\t\t<div class=\"elementor-widget-container\">\n\t\t\t\t\t<h3 class=\"elementor-heading-title elementor-size-default\">Mo\u017enos\u0165 objednania na konkr\u00e9tny term\u00edn <\/h3>\t\t\t\t<\/div>\n\t\t\t\t<\/div>\n\t\t\t\t<div class=\"elementor-element elementor-element-1312673a animated-fast elementor-invisible elementor-widget elementor-widget-text-editor\" data-id=\"1312673a\" data-element_type=\"widget\" data-settings=\"{&quot;_animation&quot;:&quot;fadeIn&quot;,&quot;_animation_delay&quot;:500}\" data-widget_type=\"text-editor.default\">\n\t\t\t\t<div class=\"elementor-widget-container\">\n\t\t\t\t\t\t\t\t\t<p>\u0160etrite svoj \u010das a objednajte sa na ak\u00fako\u013evek n\u00e1v\u0161tevu v na\u0161ej ordin\u00e1cii prostredn\u00edctvom e\u010casenky.<\/p><p>\u00a0<\/p><p>\u00a0<\/p><p>\u00a0<\/p>\t\t\t\t\t\t\t\t<\/div>\n\t\t\t\t<\/div>\n\t\t\t\t<div class=\"elementor-element elementor-element-de64d71 elementor-widget__width-inherit elementor-widget elementor-widget-button\" data-id=\"de64d71\" data-element_type=\"widget\" data-widget_type=\"button.default\">\n\t\t\t\t<div class=\"elementor-widget-container\">\n\t\t\t\t\t\t\t\t\t<div class=\"elementor-button-wrapper\">\n\t\t\t\t\t<a class=\"elementor-button elementor-button-link elementor-size-sm\" href=\"https:\/\/www.ecasenka.sk\/ordinacia\/normedicsro-mudrmariastankovska-lekar\/vstup\">\n\t\t\t\t\t\t<span class=\"elementor-button-content-wrapper\">\n\t\t\t\t\t\t<span class=\"elementor-button-icon\">\n\t\t\t\t<i aria-hidden=\"true\" class=\"far fa-calendar-check\"><\/i>\t\t\t<\/span>\n\t\t\t\t\t\t\t\t\t<span class=\"elementor-button-text\">e\u010casenka<\/span>\n\t\t\t\t\t<\/span>\n\t\t\t\t\t<\/a>\n\t\t\t\t<\/div>\n\t\t\t\t\t\t\t\t<\/div>\n\t\t\t\t<\/div>\n\t\t\t\t\t<\/div>\n\t\t<\/div>\n\t\t\t\t\t<\/div>\n\t\t<\/section>\n\t\t\t\t\t<\/div>\n\t\t<\/div>\n\t\t\t\t\t<\/div>\n\t\t<\/section>\n\t\t\t\t<section class=\"elementor-section elementor-top-section elementor-element elementor-element-3b7dae3c elementor-section-stretched elementor-section-full_width elementor-section-height-default elementor-section-height-default\" data-id=\"3b7dae3c\" data-element_type=\"section\" data-settings=\"{&quot;stretch_section&quot;:&quot;section-stretched&quot;,&quot;background_background&quot;:&quot;classic&quot;}\">\n\t\t\t\t\t\t<div class=\"elementor-container elementor-column-gap-default\">\n\t\t\t\t\t<div class=\"elementor-column elementor-col-100 elementor-top-column elementor-element elementor-element-748f8536\" data-id=\"748f8536\" data-element_type=\"column\">\n\t\t\t<div class=\"elementor-widget-wrap\">\n\t\t\t\t\t\t\t<\/div>\n\t\t<\/div>\n\t\t\t\t\t<\/div>\n\t\t<\/section>\n\t\t\t\t<\/div>\n\t\t","protected":false},"excerpt":{"rendered":"<p>Ordina\u010dn\u00e9 hodiny PONDELOK: 7:00 &#8211; 8:00 odbery krvi a ostatn\u00e9ho biologick\u00e9ho materi\u00e1lu 8:00 &#8211; 10:00 ak\u00fatni pacienti (nov\u00e9 ochorenie, \u00faraz, boles\u0165 &#8230;) 10:00 &#8211; 11:00 telefonick\u00e9\/emailov\u00e9 konzult\u00e1cie 11:00 &#8211; 12:00 kontroly PN 12:00 &#8211; 15:00 objednan\u00ed pacienti \u00a0 UTOROK 7:00 &#8211; 8:00 odbery krvi a ostatn\u00e9ho biologick\u00e9ho materi\u00e1lu 8:00 &#8211; 10:00 ak\u00fatni pacienti (nov\u00e9 ochorenie, [&hellip;]<\/p>\n","protected":false},"author":1,"featured_media":0,"parent":0,"menu_order":3,"comment_status":"closed","ping_status":"closed","template":"","meta":{"_mi_skip_tracking":false,"_monsterinsights_sitenote_active":false,"_monsterinsights_sitenote_note":"","_monsterinsights_sitenote_category":0,"footnotes":""},"yoast_head":"<!-- This site is optimized with the Yoast SEO plugin v22.6 - https:\/\/yoast.com\/wordpress\/plugins\/seo\/ -->\n<title>Ordina\u010dn\u00e9 hodiny - mudrstankovska.sk<\/title>\n<meta name=\"robots\" content=\"index, follow, max-snippet:-1, max-image-preview:large, max-video-preview:-1\" \/>\n<link rel=\"canonical\" href=\"https:\/\/mudrstankovska.sk\/?page_id=84\" \/>\n<meta property=\"og:locale\" content=\"sk_SK\" \/>\n<meta property=\"og:type\" content=\"article\" \/>\n<meta property=\"og:title\" content=\"Ordina\u010dn\u00e9 hodiny - mudrstankovska.sk\" \/>\n<meta property=\"og:description\" content=\"Ordina\u010dn\u00e9 hodiny PONDELOK: 7:00 &#8211; 8:00 odbery krvi a ostatn\u00e9ho biologick\u00e9ho materi\u00e1lu 8:00 &#8211; 10:00 ak\u00fatni pacienti (nov\u00e9 ochorenie, \u00faraz, boles\u0165 &#8230;) 10:00 &#8211; 11:00 telefonick\u00e9\/emailov\u00e9 konzult\u00e1cie 11:00 &#8211; 12:00 kontroly PN 12:00 &#8211; 15:00 objednan\u00ed pacienti \u00a0 UTOROK 7:00 &#8211; 8:00 odbery krvi a ostatn\u00e9ho biologick\u00e9ho materi\u00e1lu 8:00 &#8211; 10:00 ak\u00fatni pacienti (nov\u00e9 ochorenie, [&hellip;]\" \/>\n<meta property=\"og:url\" content=\"https:\/\/mudrstankovska.sk\/?page_id=84\" \/>\n<meta property=\"og:site_name\" content=\"mudrstankovska.sk\" \/>\n<meta property=\"article:modified_time\" content=\"2023-03-15T14:36:59+00:00\" \/>\n<meta property=\"og:image\" content=\"https:\/\/mudrstankovska.sk\/wp-content\/uploads\/2023\/03\/undraw_setup_wizard_trans-1024x750.png\" \/>\n<meta name=\"twitter:card\" content=\"summary_large_image\" \/>\n<meta name=\"twitter:label1\" content=\"Predpokladan\u00fd \u010das \u010d\u00edtania\" \/>\n\t<meta name=\"twitter:data1\" content=\"3 min\u00faty\" \/>\n<script type=\"application\/ld+json\" class=\"yoast-schema-graph\">{\"@context\":\"https:\/\/schema.org\",\"@graph\":[{\"@type\":\"WebPage\",\"@id\":\"https:\/\/mudrstankovska.sk\/?page_id=84\",\"url\":\"https:\/\/mudrstankovska.sk\/?page_id=84\",\"name\":\"Ordina\u010dn\u00e9 hodiny - mudrstankovska.sk\",\"isPartOf\":{\"@id\":\"https:\/\/mudrstankovska.sk\/#website\"},\"primaryImageOfPage\":{\"@id\":\"https:\/\/mudrstankovska.sk\/?page_id=84#primaryimage\"},\"image\":{\"@id\":\"https:\/\/mudrstankovska.sk\/?page_id=84#primaryimage\"},\"thumbnailUrl\":\"https:\/\/mudrstankovska.sk\/wp-content\/uploads\/2023\/03\/undraw_setup_wizard_trans-1024x750.png\",\"datePublished\":\"2023-03-08T15:44:33+00:00\",\"dateModified\":\"2023-03-15T14:36:59+00:00\",\"breadcrumb\":{\"@id\":\"https:\/\/mudrstankovska.sk\/?page_id=84#breadcrumb\"},\"inLanguage\":\"sk-SK\",\"potentialAction\":[{\"@type\":\"ReadAction\",\"target\":[\"https:\/\/mudrstankovska.sk\/?page_id=84\"]}]},{\"@type\":\"ImageObject\",\"inLanguage\":\"sk-SK\",\"@id\":\"https:\/\/mudrstankovska.sk\/?page_id=84#primaryimage\",\"url\":\"https:\/\/mudrstankovska.sk\/wp-content\/uploads\/2023\/03\/undraw_setup_wizard_trans.png\",\"contentUrl\":\"https:\/\/mudrstankovska.sk\/wp-content\/uploads\/2023\/03\/undraw_setup_wizard_trans.png\",\"width\":1302,\"height\":954},{\"@type\":\"BreadcrumbList\",\"@id\":\"https:\/\/mudrstankovska.sk\/?page_id=84#breadcrumb\",\"itemListElement\":[{\"@type\":\"ListItem\",\"position\":1,\"name\":\"Home\",\"item\":\"https:\/\/mudrstankovska.sk\/\"},{\"@type\":\"ListItem\",\"position\":2,\"name\":\"Ordina\u010dn\u00e9 hodiny\"}]},{\"@type\":\"WebSite\",\"@id\":\"https:\/\/mudrstankovska.sk\/#website\",\"url\":\"https:\/\/mudrstankovska.sk\/\",\"name\":\"mudrstankovska.sk\",\"description\":\"V\u0161eobecn\u00fd lek\u00e1r pre dospel\u00fdch.\",\"publisher\":{\"@id\":\"https:\/\/mudrstankovska.sk\/#organization\"},\"potentialAction\":[{\"@type\":\"SearchAction\",\"target\":{\"@type\":\"EntryPoint\",\"urlTemplate\":\"https:\/\/mudrstankovska.sk\/?s={search_term_string}\"},\"query-input\":\"required name=search_term_string\"}],\"inLanguage\":\"sk-SK\"},{\"@type\":\"Organization\",\"@id\":\"https:\/\/mudrstankovska.sk\/#organization\",\"name\":\"mudrstankovska.sk\",\"url\":\"https:\/\/mudrstankovska.sk\/\",\"logo\":{\"@type\":\"ImageObject\",\"inLanguage\":\"sk-SK\",\"@id\":\"https:\/\/mudrstankovska.sk\/#\/schema\/logo\/image\/\",\"url\":\"https:\/\/mudrstankovska.sk\/wp-content\/uploads\/2023\/03\/960x0.jpg\",\"contentUrl\":\"https:\/\/mudrstankovska.sk\/wp-content\/uploads\/2023\/03\/960x0.jpg\",\"width\":958,\"height\":539,\"caption\":\"mudrstankovska.sk\"},\"image\":{\"@id\":\"https:\/\/mudrstankovska.sk\/#\/schema\/logo\/image\/\"}}]}<\/script>\n<!-- \/ Yoast SEO plugin. -->","yoast_head_json":{"title":"Ordina\u010dn\u00e9 hodiny - mudrstankovska.sk","robots":{"index":"index","follow":"follow","max-snippet":"max-snippet:-1","max-image-preview":"max-image-preview:large","max-video-preview":"max-video-preview:-1"},"canonical":"https:\/\/mudrstankovska.sk\/?page_id=84","og_locale":"sk_SK","og_type":"article","og_title":"Ordina\u010dn\u00e9 hodiny - mudrstankovska.sk","og_description":"Ordina\u010dn\u00e9 hodiny PONDELOK: 7:00 &#8211; 8:00 odbery krvi a ostatn\u00e9ho biologick\u00e9ho materi\u00e1lu 8:00 &#8211; 10:00 ak\u00fatni pacienti (nov\u00e9 ochorenie, \u00faraz, boles\u0165 &#8230;) 10:00 &#8211; 11:00 telefonick\u00e9\/emailov\u00e9 konzult\u00e1cie 11:00 &#8211; 12:00 kontroly PN 12:00 &#8211; 15:00 objednan\u00ed pacienti \u00a0 UTOROK 7:00 &#8211; 8:00 odbery krvi a ostatn\u00e9ho biologick\u00e9ho materi\u00e1lu 8:00 &#8211; 10:00 ak\u00fatni pacienti (nov\u00e9 ochorenie, [&hellip;]","og_url":"https:\/\/mudrstankovska.sk\/?page_id=84","og_site_name":"mudrstankovska.sk","article_modified_time":"2023-03-15T14:36:59+00:00","og_image":[{"url":"https:\/\/mudrstankovska.sk\/wp-content\/uploads\/2023\/03\/undraw_setup_wizard_trans-1024x750.png"}],"twitter_card":"summary_large_image","twitter_misc":{"Predpokladan\u00fd \u010das \u010d\u00edtania":"3 min\u00faty"},"schema":{"@context":"https:\/\/schema.org","@graph":[{"@type":"WebPage","@id":"https:\/\/mudrstankovska.sk\/?page_id=84","url":"https:\/\/mudrstankovska.sk\/?page_id=84","name":"Ordina\u010dn\u00e9 hodiny - mudrstankovska.sk","isPartOf":{"@id":"https:\/\/mudrstankovska.sk\/#website"},"primaryImageOfPage":{"@id":"https:\/\/mudrstankovska.sk\/?page_id=84#primaryimage"},"image":{"@id":"https:\/\/mudrstankovska.sk\/?page_id=84#primaryimage"},"thumbnailUrl":"https:\/\/mudrstankovska.sk\/wp-content\/uploads\/2023\/03\/undraw_setup_wizard_trans-1024x750.png","datePublished":"2023-03-08T15:44:33+00:00","dateModified":"2023-03-15T14:36:59+00:00","breadcrumb":{"@id":"https:\/\/mudrstankovska.sk\/?page_id=84#breadcrumb"},"inLanguage":"sk-SK","potentialAction":[{"@type":"ReadAction","target":["https:\/\/mudrstankovska.sk\/?page_id=84"]}]},{"@type":"ImageObject","inLanguage":"sk-SK","@id":"https:\/\/mudrstankovska.sk\/?page_id=84#primaryimage","url":"https:\/\/mudrstankovska.sk\/wp-content\/uploads\/2023\/03\/undraw_setup_wizard_trans.png","contentUrl":"https:\/\/mudrstankovska.sk\/wp-content\/uploads\/2023\/03\/undraw_setup_wizard_trans.png","width":1302,"height":954},{"@type":"BreadcrumbList","@id":"https:\/\/mudrstankovska.sk\/?page_id=84#breadcrumb","itemListElement":[{"@type":"ListItem","position":1,"name":"Home","item":"https:\/\/mudrstankovska.sk\/"},{"@type":"ListItem","position":2,"name":"Ordina\u010dn\u00e9 hodiny"}]},{"@type":"WebSite","@id":"https:\/\/mudrstankovska.sk\/#website","url":"https:\/\/mudrstankovska.sk\/","name":"mudrstankovska.sk","description":"V\u0161eobecn\u00fd lek\u00e1r pre dospel\u00fdch.","publisher":{"@id":"https:\/\/mudrstankovska.sk\/#organization"},"potentialAction":[{"@type":"SearchAction","target":{"@type":"EntryPoint","urlTemplate":"https:\/\/mudrstankovska.sk\/?s={search_term_string}"},"query-input":"required name=search_term_string"}],"inLanguage":"sk-SK"},{"@type":"Organization","@id":"https:\/\/mudrstankovska.sk\/#organization","name":"mudrstankovska.sk","url":"https:\/\/mudrstankovska.sk\/","logo":{"@type":"ImageObject","inLanguage":"sk-SK","@id":"https:\/\/mudrstankovska.sk\/#\/schema\/logo\/image\/","url":"https:\/\/mudrstankovska.sk\/wp-content\/uploads\/2023\/03\/960x0.jpg","contentUrl":"https:\/\/mudrstankovska.sk\/wp-content\/uploads\/2023\/03\/960x0.jpg","width":958,"height":539,"caption":"mudrstankovska.sk"},"image":{"@id":"https:\/\/mudrstankovska.sk\/#\/schema\/logo\/image\/"}}]}},"_links":{"self":[{"href":"https:\/\/mudrstankovska.sk\/index.php?rest_route=\/wp\/v2\/pages\/84"}],"collection":[{"href":"https:\/\/mudrstankovska.sk\/index.php?rest_route=\/wp\/v2\/pages"}],"about":[{"href":"https:\/\/mudrstankovska.sk\/index.php?rest_route=\/wp\/v2\/types\/page"}],"author":[{"embeddable":true,"href":"https:\/\/mudrstankovska.sk\/index.php?rest_route=\/wp\/v2\/users\/1"}],"replies":[{"embeddable":true,"href":"https:\/\/mudrstankovska.sk\/index.php?rest_route=%2Fwp%2Fv2%2Fcomments&post=84"}],"version-history":[{"count":6,"href":"https:\/\/mudrstankovska.sk\/index.php?rest_route=\/wp\/v2\/pages\/84\/revisions"}],"predecessor-version":[{"id":133,"href":"https:\/\/mudrstankovska.sk\/index.php?rest_route=\/wp\/v2\/pages\/84\/revisions\/133"}],"wp:attachment":[{"href":"https:\/\/mudrstankovska.sk\/index.php?rest_route=%2Fwp%2Fv2%2Fmedia&parent=84"}],"curies":[{"name":"wp","href":"https:\/\/api.w.org\/{rel}","templated":true}]}}